{"id":1638,"date":"2024-08-01T14:19:29","date_gmt":"2024-08-01T14:19:29","guid":{"rendered":"https:\/\/swim.garant.ee\/about-club\/"},"modified":"2024-08-26T14:37:19","modified_gmt":"2024-08-26T14:37:19","slug":"about-club","status":"publish","type":"page","link":"https:\/\/swim.garant.ee\/et\/about-club\/","title":{"rendered":"Meist"},"content":{"rendered":"\t\t<div data-elementor-type=\"wp-page\" data-elementor-id=\"1638\" class=\"elementor elementor-1638 elementor-1028\" data-elementor-post-type=\"page\">\n\t\t\t\t<div class=\"elementor-element elementor-element-6f2c049 e-flex e-con-boxed e-con e-parent\" data-id=\"6f2c049\" data-element_type=\"container\" data-settings=\"{&quot;_ha_eqh_enable&quot;:false}\">\n\t\t\t\t\t<div class=\"e-con-inner\">\n\t\t\t\t<div class=\"elementor-element elementor-element-d0c918e elementor-widget-tablet__width-inherit elementor-widget elementor-widget-wdt-heading\" data-id=\"d0c918e\" data-element_type=\"widget\" data-settings=\"{&quot;separator_background_background&quot;:&quot;classic&quot;,&quot;separator_background_color&quot;:&quot;#FFFFFF&quot;,&quot;wdt_animation_effect&quot;:&quot;none&quot;}\" data-widget_type=\"wdt-heading.default\">\n\t\t\t\t<div class=\"elementor-widget-container\">\n\t\t\t<div class=\"wdt-heading-holder \" id=\"wdt-heading-d0c918e\"><h1 class=\"wdt-heading-title-wrapper wdt-heading-align- wdt-heading-deco-wrapper\"><span class=\"wdt-heading-title\"><span class=\"wdt-heading-colored-elements\">Klubist<\/span><\/span><\/h1><\/div>\t\t<\/div>\n\t\t\t\t<\/div>\n\t\t<div class=\"elementor-element elementor-element-11b2dd6 e-con-full e-flex e-con e-child\" data-id=\"11b2dd6\" data-element_type=\"container\" data-settings=\"{&quot;_ha_eqh_enable&quot;:false}\">\n\t\t\t\t<div class=\"elementor-element elementor-element-d924ff5 elementor-widget__width-initial elementor-widget-laptop__width-initial elementor-widget-tablet_extra__width-initial elementor-widget-tablet__width-initial elementor-widget-mobile_extra__width-initial elementor-widget elementor-widget-image\" data-id=\"d924ff5\" data-element_type=\"widget\" data-settings=\"{&quot;wdt_animation_effect&quot;:&quot;none&quot;}\" data-widget_type=\"image.default\">\n\t\t\t\t<div class=\"elementor-widget-container\">\n\t\t\t<style>\/*! elementor - v3.23.0 - 05-08-2024 *\/\n.elementor-widget-image{text-align:center}.elementor-widget-image a{display:inline-block}.elementor-widget-image a img[src$=\".svg\"]{width:48px}.elementor-widget-image img{vertical-align:middle;display:inline-block}<\/style>\t\t\t\t\t\t\t\t\t\t<img fetchpriority=\"high\" decoding=\"async\" width=\"683\" height=\"1024\" src=\"https:\/\/swim.garant.ee\/wp-content\/uploads\/2024\/08\/O_NAS_2-scaled-1-683x1024.jpg\" class=\"attachment-large size-large wp-image-3044\" alt=\"\" srcset=\"https:\/\/swim.garant.ee\/wp-content\/uploads\/2024\/08\/O_NAS_2-scaled-1-683x1024.jpg 683w, https:\/\/swim.garant.ee\/wp-content\/uploads\/2024\/08\/O_NAS_2-scaled-1-200x300.jpg 200w, https:\/\/swim.garant.ee\/wp-content\/uploads\/2024\/08\/O_NAS_2-scaled-1-768x1152.jpg 768w, https:\/\/swim.garant.ee\/wp-content\/uploads\/2024\/08\/O_NAS_2-scaled-1-1024x1536.jpg 1024w, https:\/\/swim.garant.ee\/wp-content\/uploads\/2024\/08\/O_NAS_2-scaled-1-1366x2048.jpg 1366w, https:\/\/swim.garant.ee\/wp-content\/uploads\/2024\/08\/O_NAS_2-scaled-1.jpg 1707w\" sizes=\"(max-width: 683px) 100vw, 683px\" \/>\t\t\t\t\t\t\t\t\t\t\t\t\t<\/div>\n\t\t\t\t<\/div>\n\t\t\t\t<div class=\"elementor-element elementor-element-36530ff elementor-widget-laptop__width-initial elementor-widget-tablet_extra__width-initial elementor-widget-mobile_extra__width-initial elementor-widget__width-initial elementor-widget elementor-widget-text-editor\" data-id=\"36530ff\" data-element_type=\"widget\" data-settings=\"{&quot;wdt_animation_effect&quot;:&quot;none&quot;}\" data-widget_type=\"text-editor.default\">\n\t\t\t\t<div class=\"elementor-widget-container\">\n\t\t\t<style>\/*! elementor - v3.23.0 - 05-08-2024 *\/\n.elementor-widget-text-editor.elementor-drop-cap-view-stacked .elementor-drop-cap{background-color:#69727d;color:#fff}.elementor-widget-text-editor.elementor-drop-cap-view-framed .elementor-drop-cap{color:#69727d;border:3px solid;background-color:transparent}.elementor-widget-text-editor:not(.elementor-drop-cap-view-default) .elementor-drop-cap{margin-top:8px}.elementor-widget-text-editor:not(.elementor-drop-cap-view-default) .elementor-drop-cap-letter{width:1em;height:1em}.elementor-widget-text-editor .elementor-drop-cap{float:left;text-align:center;line-height:1;font-size:50px}.elementor-widget-text-editor .elementor-drop-cap-letter{display:inline-block}<\/style>\t\t\t\t<p>Ujumine kui klubi \u00fcks suund hakkas arenema alates 1994. aastast. Praeguseks treenib ujumisr\u00fchmades \u00fcle 1200 lapse ja nooruki. Treeningud toimuvad kogenud ja litsentseeritud treenerite juhendamisel.<\/p><p>Viimastel aastatel on ujumissuund t\u00f5estanud end kui \u00fcks tugevamaid Eestis. Oma tegevusaja jooksul on treenerid valmistanud ette suure hulga vabariigi meistreid ja rekordiomanikke, samuti erinevate tasemete rahvusvaheliste v\u00f5istluste osalejaid ja v\u00f5itjaid. \u00dcheks peamiseks saavutuseks tuleb m\u00e4rkida spordiklubi Garant sportlaste osalemist ol\u00fcmpiam\u00e4ngudel. Korduvalt on klubi tunnustatud kui parim Eestis.<\/p><p>K\u00f5igi spordisaavutuste taga seisab selgelt v\u00e4lja kujundatud treenings\u00fcsteem, ambitsioonikas personal ja aastatepikkune kogemus erinevas vanuses laste ja erinevate ujumisoskuste tasemega t\u00f6\u00f6tamisel.<\/p><p>Klubi peamisteks \u00fclesanneteks on pidada laste regulaarselt spordiga tegelemist, tervisliku eluviisi kujundamist, laste ja noorukite asotsiaalse k\u00e4itumise ennetamist ning tingimuste loomist sihikindluse arendamiseks ja lapse eneseteostuse v\u00f5imaldamiseks.<br \/>Igal aastal septembris kutsub Garant klubi oma ridadesse uusi lapsi, et pakkuda neile v\u00f5imalust ujumises edasi areneda.<\/p><p>\u00a0<\/p><p>NB! 2009. aastal sai meie klubi spordikooli staatuse. Seoses sellega on meie kasvandike vanematel \u00f5igus maksudeklaratsiooni t\u00e4itmisel tagasi saada 20% tasutud liikmemaksudest.<\/p>\t\t\t\t\t\t<\/div>\n\t\t\t\t<\/div>\n\t\t\t\t<\/div>\n\t\t\t\t\t<\/div>\n\t\t\t\t<\/div>\n\t\t\t\t<\/div>\n\t\t","protected":false},"excerpt":{"rendered":"<p>Klubist Ujumine kui klubi \u00fcks suund hakkas arenema alates 1994. aastast. Praeguseks treenib ujumisr\u00fchmades \u00fcle 1200 lapse ja nooruki. Treeningud toimuvad kogenud ja litsentseeritud treenerite juhendamisel. Viimastel aastatel on ujumissuund [&hellip;]<\/p>\n","protected":false},"author":2,"featured_media":0,"parent":0,"menu_order":0,"comment_status":"closed","ping_status":"closed","template":"","meta":{"footnotes":""},"class_list":["post-1638","page","type-page","status-publish","hentry"],"aioseo_notices":[],"_links":{"self":[{"href":"https:\/\/swim.garant.ee\/et\/wp-json\/wp\/v2\/pages\/1638"}],"collection":[{"href":"https:\/\/swim.garant.ee\/et\/wp-json\/wp\/v2\/pages"}],"about":[{"href":"https:\/\/swim.garant.ee\/et\/wp-json\/wp\/v2\/types\/page"}],"author":[{"embeddable":true,"href":"https:\/\/swim.garant.ee\/et\/wp-json\/wp\/v2\/users\/2"}],"replies":[{"embeddable":true,"href":"https:\/\/swim.garant.ee\/et\/wp-json\/wp\/v2\/comments?post=1638"}],"version-history":[{"count":19,"href":"https:\/\/swim.garant.ee\/et\/wp-json\/wp\/v2\/pages\/1638\/revisions"}],"predecessor-version":[{"id":4212,"href":"https:\/\/swim.garant.ee\/et\/wp-json\/wp\/v2\/pages\/1638\/revisions\/4212"}],"wp:attachment":[{"href":"https:\/\/swim.garant.ee\/et\/wp-json\/wp\/v2\/media?parent=1638"}],"curies":[{"name":"wp","href":"https:\/\/api.w.org\/{rel}","templated":true}]}}