{"id":1644,"date":"2024-08-01T13:02:33","date_gmt":"2024-08-01T13:02:33","guid":{"rendered":"https:\/\/swim.garant.ee\/general-rules\/"},"modified":"2024-09-13T09:16:38","modified_gmt":"2024-09-13T09:16:38","slug":"general-rules","status":"publish","type":"page","link":"https:\/\/swim.garant.ee\/et\/general-rules\/","title":{"rendered":"\u00dcldreeglid"},"content":{"rendered":"\t\t<div data-elementor-type=\"wp-page\" data-elementor-id=\"1644\" class=\"elementor elementor-1644 elementor-1015\" data-elementor-post-type=\"page\">\n\t\t\t\t<div class=\"elementor-element elementor-element-21eb1e9 general_rules_page e-flex e-con-boxed e-con e-parent\" data-id=\"21eb1e9\" data-element_type=\"container\" data-settings=\"{&quot;_ha_eqh_enable&quot;:false}\">\n\t\t\t\t\t<div class=\"e-con-inner\">\n\t\t\t\t<div class=\"elementor-element elementor-element-4e168a3 elementor-widget-tablet__width-inherit elementor-widget elementor-widget-wdt-heading\" data-id=\"4e168a3\" data-element_type=\"widget\" data-settings=\"{&quot;separator_background_background&quot;:&quot;classic&quot;,&quot;separator_background_color&quot;:&quot;#FFFFFF&quot;,&quot;wdt_animation_effect&quot;:&quot;none&quot;}\" data-widget_type=\"wdt-heading.default\">\n\t\t\t\t<div class=\"elementor-widget-container\">\n\t\t\t<div class=\"wdt-heading-holder \" id=\"wdt-heading-4e168a3\"><div class=\"wdt-heading-title-wrapper wdt-heading-align- wdt-heading-deco-wrapper\"><span class=\"wdt-heading-title\"><span class=\"wdt-heading-colored-elements\">\u00dcldreeglid<\/span><\/span><\/div><div class=\"wdt-heading-subtitle-wrapper wdt-heading-align- \"><span class=\"wdt-heading-subtitle\">Hooaeg 2024-2025<\/span><\/div><\/div>\t\t<\/div>\n\t\t\t\t<\/div>\n\t\t<div class=\"elementor-element elementor-element-7218957 e-con-full e-flex e-con e-child\" data-id=\"7218957\" data-element_type=\"container\" data-settings=\"{&quot;background_background&quot;:&quot;classic&quot;,&quot;_ha_eqh_enable&quot;:false}\">\n\t\t\t\t<div class=\"elementor-element elementor-element-155e85e elementor-widget elementor-widget-text-editor\" data-id=\"155e85e\" data-element_type=\"widget\" data-settings=\"{&quot;wdt_animation_effect&quot;:&quot;none&quot;}\" data-widget_type=\"text-editor.default\">\n\t\t\t\t<div class=\"elementor-widget-container\">\n\t\t\t<style>\/*! elementor - v3.23.0 - 05-08-2024 *\/\n.elementor-widget-text-editor.elementor-drop-cap-view-stacked .elementor-drop-cap{background-color:#69727d;color:#fff}.elementor-widget-text-editor.elementor-drop-cap-view-framed .elementor-drop-cap{color:#69727d;border:3px solid;background-color:transparent}.elementor-widget-text-editor:not(.elementor-drop-cap-view-default) .elementor-drop-cap{margin-top:8px}.elementor-widget-text-editor:not(.elementor-drop-cap-view-default) .elementor-drop-cap-letter{width:1em;height:1em}.elementor-widget-text-editor .elementor-drop-cap{float:left;text-align:center;line-height:1;font-size:50px}.elementor-widget-text-editor .elementor-drop-cap-letter{display:inline-block}<\/style>\t\t\t\t<p>Spordiklubi Garant, edaspidi \u201eKlubi\u201c, on huviklubi, millel on spordikooli staatus ja mille p\u00f5hieesm\u00e4rk on laste \u00f5petamine ujumises. Kui vanem, edaspidi \u201eVanem\u201c, n\u00f5ustub allpool toodud tingimustega, saab \u00f5pilasest, edaspidi \u201e\u00d5pilane\u201c, Klubi liige.<\/p><p>Vanem kohustub j\u00e4rgima allpool toodud reegleid ja Klubi liikmeks oleku tingimusi.<\/p>\t\t\t\t\t\t<\/div>\n\t\t\t\t<\/div>\n\t\t\t\t<\/div>\n\t\t<div class=\"elementor-element elementor-element-59128e3 e-con-full e-flex e-con e-child\" data-id=\"59128e3\" data-element_type=\"container\" data-settings=\"{&quot;_ha_eqh_enable&quot;:false}\">\n\t\t\t\t<div class=\"elementor-element elementor-element-97e127d elementor-widget elementor-widget-heading\" data-id=\"97e127d\" data-element_type=\"widget\" data-settings=\"{&quot;wdt_animation_effect&quot;:&quot;none&quot;}\" data-widget_type=\"heading.default\">\n\t\t\t\t<div class=\"elementor-widget-container\">\n\t\t\t<style>\/*! elementor - v3.23.0 - 05-08-2024 *\/\n.elementor-heading-title{padding:0;margin:0;line-height:1}.elementor-widget-heading .elementor-heading-title[class*=elementor-size-]>a{color:inherit;font-size:inherit;line-height:inherit}.elementor-widget-heading .elementor-heading-title.elementor-size-small{font-size:15px}.elementor-widget-heading .elementor-heading-title.elementor-size-medium{font-size:19px}.elementor-widget-heading .elementor-heading-title.elementor-size-large{font-size:29px}.elementor-widget-heading .elementor-heading-title.elementor-size-xl{font-size:39px}.elementor-widget-heading .elementor-heading-title.elementor-size-xxl{font-size:59px}<\/style><h2 class=\"elementor-heading-title elementor-size-default\">1. \u00dcldtingimused<\/h2>\t\t<\/div>\n\t\t\t\t<\/div>\n\t\t\t\t<div class=\"elementor-element elementor-element-f93f146 elementor-widget elementor-widget-text-editor\" data-id=\"f93f146\" data-element_type=\"widget\" data-settings=\"{&quot;wdt_animation_effect&quot;:&quot;none&quot;}\" data-widget_type=\"text-editor.default\">\n\t\t\t\t<div class=\"elementor-widget-container\">\n\t\t\t\t\t\t\t<ul><li>Klubi loob \u00f5pilasele v\u00f5imalused omandada teadmisi ja oskusi ujumise valdkonnas ning \u00fcldiseks kehaliseks arenguks vastavalt kooli \u00f5ppekavale.<\/li><li>Vanem kohustub igak\u00fclgselt toetama \u00f5pilase arengut ja j\u00e4rgima Klubi poolt \u00f5pilasele kehtestatud korda.<\/li><li>Vanem kohustub tasuma liikmemaksu \u00f5igeaegselt, vastavalt punktides 3 ja 4 toodud korras.<\/li><li>Kahju, mida on Klubi v\u00f5i Klubi vastutusalas olevale varale p\u00f5hjustanud \u00f5pilase pahatahtlik v\u00f5i hooletu k\u00e4itumine, h\u00fcvitab Vanem.<\/li><li>\u00a0<\/li><\/ul>\t\t\t\t\t\t<\/div>\n\t\t\t\t<\/div>\n\t\t\t\t<\/div>\n\t\t<div class=\"elementor-element elementor-element-e2576b8 e-con-full e-flex e-con e-child\" data-id=\"e2576b8\" data-element_type=\"container\" data-settings=\"{&quot;_ha_eqh_enable&quot;:false}\">\n\t\t\t\t<div class=\"elementor-element elementor-element-5fb9e46 elementor-widget elementor-widget-heading\" data-id=\"5fb9e46\" data-element_type=\"widget\" data-settings=\"{&quot;wdt_animation_effect&quot;:&quot;none&quot;}\" data-widget_type=\"heading.default\">\n\t\t\t\t<div class=\"elementor-widget-container\">\n\t\t\t<h2 class=\"elementor-heading-title elementor-size-default\">2. \u00d5ppet\u00f6\u00f6<\/h2>\t\t<\/div>\n\t\t\t\t<\/div>\n\t\t\t\t<div class=\"elementor-element elementor-element-e660feb elementor-widget elementor-widget-text-editor\" data-id=\"e660feb\" data-element_type=\"widget\" data-settings=\"{&quot;wdt_animation_effect&quot;:&quot;none&quot;}\" data-widget_type=\"text-editor.default\">\n\t\t\t\t<div class=\"elementor-widget-container\">\n\t\t\t\t\t\t\t<ul><li>\u00d5ppeperiood: septembrist j\u00e4rgmise aasta juunini (kaasa arvatud). Hooaja viimases kuus (juuni) j\u00e4tab Klubi endale \u00f5iguse treeninggraafikuid muuta seoses rentniku poolt tehtavate rendiaja muudatustega.<\/li><li>\u00d5ppeaeg ja -koht vastavad iga osakonna kehtivale ajakavale.<\/li><li>Punaste kalendrip\u00e4evade puhul treeninguid ei toimu.<\/li><\/ul>\t\t\t\t\t\t<\/div>\n\t\t\t\t<\/div>\n\t\t\t\t<\/div>\n\t\t<div class=\"elementor-element elementor-element-21ea79d e-con-full e-flex e-con e-child\" data-id=\"21ea79d\" data-element_type=\"container\" data-settings=\"{&quot;_ha_eqh_enable&quot;:false}\">\n\t\t\t\t<div class=\"elementor-element elementor-element-7f9f2ee elementor-widget elementor-widget-heading\" data-id=\"7f9f2ee\" data-element_type=\"widget\" data-settings=\"{&quot;wdt_animation_effect&quot;:&quot;none&quot;}\" data-widget_type=\"heading.default\">\n\t\t\t\t<div class=\"elementor-widget-container\">\n\t\t\t<h2 class=\"elementor-heading-title elementor-size-default\">3. Liikmemaks<\/h2>\t\t<\/div>\n\t\t\t\t<\/div>\n\t\t\t\t<div class=\"elementor-element elementor-element-a1bdebf elementor-widget elementor-widget-text-editor\" data-id=\"a1bdebf\" data-element_type=\"widget\" data-settings=\"{&quot;wdt_animation_effect&quot;:&quot;none&quot;}\" data-widget_type=\"text-editor.default\">\n\t\t\t\t<div class=\"elementor-widget-container\">\n\t\t\t\t\t\t\t<ul><li>Klubi arveid ei v\u00e4ljasta.<\/li><li>Liikmemaks tasutakse Vanema poolt iseseisvalt jooksva kuu 15. kuup\u00e4evaks (s.t. septembri eest tuleb tasuda 15. septembriks).<\/li><li>Liikmemaksu summa on XX EUR kuus**. Teise ja kolmanda lapse puhul samast perest kehtib soodustus** (see tingimus ei kehti v\u00e4ikelastele (tase \u201eB\u201c)). (** liikmemaks 2024-2025).<\/li><li>Tasumine v\u00f5ib toimuda igakuiselt septembrist juunini v\u00f5i \u00fche maksena hooaja alguses.<\/li><li>K\u00f5igile, kes on m\u00e4\u00e4ratud gruppi (nii uued kui ka j\u00e4tkavad) enne 01.09.2024, kehtib septembri t\u00e4ielik tasumine s\u00f5ltumata treeningute algusest (sest kohti me ei hoia).<ul><li>See punkt ei kehti juhul, kui Vanem on p\u00e4rast esimest treeningut teavitanud Klubi, et nad ei soovi tundides osaleda.<\/li><\/ul><\/li><li>K\u00f5igile, kes on m\u00e4\u00e4ratud gruppi p\u00e4rast 01.09.2024 v\u00f5i mitte kuu algusest, arvutatakse esimese kuu tasu proportsionaalselt esimese (proovitunni) kuup\u00e4evaga.<\/li><li>Liikmemaks tasutakse klubi pangakontole nr xxxxxxxxxxxxx (Swedbank). NB! Igal osakonnal\/basseinil on oma kontonumber!!!!<ul><li>Saaja nimi: MT\u00dc SPORDIKLUBI GARANT<\/li><li>Selgitus: \u00f5pilase nimi ja perekonnanimi, \u00f5pilase isikukood, tasutav kuu.<\/li><li>Viitenumber: j\u00e4tke see v\u00e4li t\u00fchjaks.<\/li><\/ul><\/li><li>Kahe lapse puhul tuleb maksta eraldi maksetena. (n\u00e4iteks 149\u20ac eest kahe lapse puhul tuleb teha kaks eraldi makset summas 74,50\u20ac).<\/li><\/ul>\t\t\t\t\t\t<\/div>\n\t\t\t\t<\/div>\n\t\t\t\t<\/div>\n\t\t<div class=\"elementor-element elementor-element-ac14e36 e-con-full e-flex e-con e-child\" data-id=\"ac14e36\" data-element_type=\"container\" data-settings=\"{&quot;_ha_eqh_enable&quot;:false}\">\n\t\t\t\t<div class=\"elementor-element elementor-element-81f7512 elementor-widget elementor-widget-heading\" data-id=\"81f7512\" data-element_type=\"widget\" data-settings=\"{&quot;wdt_animation_effect&quot;:&quot;none&quot;}\" data-widget_type=\"heading.default\">\n\t\t\t\t<div class=\"elementor-widget-container\">\n\t\t\t<h2 class=\"elementor-heading-title elementor-size-default\">4. Erilised tingimused<\/h2>\t\t<\/div>\n\t\t\t\t<\/div>\n\t\t\t\t<div class=\"elementor-element elementor-element-54ac96f elementor-widget elementor-widget-text-editor\" data-id=\"54ac96f\" data-element_type=\"widget\" data-settings=\"{&quot;wdt_animation_effect&quot;:&quot;none&quot;}\" data-widget_type=\"text-editor.default\">\n\t\t\t\t<div class=\"elementor-widget-container\">\n\t\t\t\t\t\t\t<ul><li>Lapse puudumine treeningutelt haiguse v\u00f5i muude p\u00f5hjuste t\u00f5ttu ei vabasta t\u00e4ies ulatuses liikmemaksu tasumisest.<\/li><li>Iga lapse puhul, kes ei ole registreeritud 01.12.2024 seisuga Spordiosakonnas kui ametlik GARANT klubi esindaja, suureneb igakuine liikmemaks alates 01.01.2025 20 EUR v\u00f5rra (vt. liikmemaks 2024-2025). See punkt ei kehti:<ul><li>neile, kellel ei ole Tallinna elukohta.<\/li><li>2018. aastal s\u00fcndinud ja nooremad lapsed (2019, 2020 jne).<\/li><\/ul><\/li><li>Tasumisele kuuluvast liikmemaksust tagastatakse tulumaks vastavalt Eesti Vabariigi tulumaksuseadusele. Tasutud liikmemaks kantakse maksja deklaratsiooni.<\/li><li>Klubil on \u00f5igus \u00fchepoolselt korrigeerida liikmemaksu suurust j\u00e4rgmiseks poolaastaks. Juhul kui liikmemaksu korrigeeritakse, teatatakse sellest Vanemale hiljemalt kaks n\u00e4dalat enne uue perioodi algust.<\/li><\/ul>\t\t\t\t\t\t<\/div>\n\t\t\t\t<\/div>\n\t\t\t\t<\/div>\n\t\t<div class=\"elementor-element elementor-element-22e0085 e-con-full e-flex e-con e-child\" data-id=\"22e0085\" data-element_type=\"container\" data-settings=\"{&quot;_ha_eqh_enable&quot;:false}\">\n\t\t\t\t<div class=\"elementor-element elementor-element-d505f55 elementor-widget elementor-widget-heading\" data-id=\"d505f55\" data-element_type=\"widget\" data-settings=\"{&quot;wdt_animation_effect&quot;:&quot;none&quot;}\" data-widget_type=\"heading.default\">\n\t\t\t\t<div class=\"elementor-widget-container\">\n\t\t\t<h2 class=\"elementor-heading-title elementor-size-default\">5. Liikmesuse muutmine ja l\u00f5petamine Klubis<\/h2>\t\t<\/div>\n\t\t\t\t<\/div>\n\t\t\t\t<div class=\"elementor-element elementor-element-118951c elementor-widget elementor-widget-text-editor\" data-id=\"118951c\" data-element_type=\"widget\" data-settings=\"{&quot;wdt_animation_effect&quot;:&quot;none&quot;}\" data-widget_type=\"text-editor.default\">\n\t\t\t\t<div class=\"elementor-widget-container\">\n\t\t\t\t\t\t\t<ul><li>Liikmesus l\u00f5peb Vanema ametliku avalduse alusel meie lehelt jaotises\u00a0 <a href=\"https:\/\/swim.garant.ee\/termination-of-the-contract\/\">Liikmesuse l\u00f5petamine\u00a0<\/a>kuni jooksva kuu 20. kuup\u00e4evani (n\u00e4iteks treeningute l\u00f5petamisest alates 1. jaanuarist tuleb teatada hiljemalt 20. detsembriks). \u00d5igeaegse teavitamise korral on Vanem kohustatud tasuma liikmemaksu ka j\u00e4rgmisel kuul.<\/li><li>Tagasiulatuvaid l\u00f5petamisi ei aktsepteerita.<\/li><li>Klubil on \u00f5igus l\u00f5petada liikmesus \u00fchepoolselt, kui v\u00f5lgnevus algab 1 kuust, mis ei vabasta kogu v\u00f5la tasumise kohustusest.<\/li><li>Koost\u00f6\u00f6 l\u00f5petamine toimub ka Klubi ettekirjutuste eiramise v\u00f5i \u00f5pilase \u00fcldtunnustatud k\u00e4itumisnormide rikkumise korral.<\/li><\/ul>\t\t\t\t\t\t<\/div>\n\t\t\t\t<\/div>\n\t\t\t\t<\/div>\n\t\t\t\t\t<\/div>\n\t\t\t\t<\/div>\n\t\t\t\t<\/div>\n\t\t","protected":false},"excerpt":{"rendered":"<p>\u00dcldreeglidHooaeg 2024-2025 Spordiklubi Garant, edaspidi \u201eKlubi\u201c, on huviklubi, millel on spordikooli staatus ja mille p\u00f5hieesm\u00e4rk on laste \u00f5petamine ujumises. Kui vanem, edaspidi \u201eVanem\u201c, n\u00f5ustub allpool toodud tingimustega, saab \u00f5pilasest, edaspidi [&hellip;]<\/p>\n","protected":false},"author":2,"featured_media":0,"parent":0,"menu_order":0,"comment_status":"closed","ping_status":"closed","template":"","meta":{"footnotes":""},"class_list":["post-1644","page","type-page","status-publish","hentry"],"aioseo_notices":[],"_links":{"self":[{"href":"https:\/\/swim.garant.ee\/et\/wp-json\/wp\/v2\/pages\/1644"}],"collection":[{"href":"https:\/\/swim.garant.ee\/et\/wp-json\/wp\/v2\/pages"}],"about":[{"href":"https:\/\/swim.garant.ee\/et\/wp-json\/wp\/v2\/types\/page"}],"author":[{"embeddable":true,"href":"https:\/\/swim.garant.ee\/et\/wp-json\/wp\/v2\/users\/2"}],"replies":[{"embeddable":true,"href":"https:\/\/swim.garant.ee\/et\/wp-json\/wp\/v2\/comments?post=1644"}],"version-history":[{"count":10,"href":"https:\/\/swim.garant.ee\/et\/wp-json\/wp\/v2\/pages\/1644\/revisions"}],"predecessor-version":[{"id":5412,"href":"https:\/\/swim.garant.ee\/et\/wp-json\/wp\/v2\/pages\/1644\/revisions\/5412"}],"wp:attachment":[{"href":"https:\/\/swim.garant.ee\/et\/wp-json\/wp\/v2\/media?parent=1644"}],"curies":[{"name":"wp","href":"https:\/\/api.w.org\/{rel}","templated":true}]}}