{"id":1652,"date":"2024-07-31T07:18:26","date_gmt":"2024-07-31T07:18:26","guid":{"rendered":"https:\/\/swim.garant.ee\/our-instructors\/"},"modified":"2025-08-24T11:24:41","modified_gmt":"2025-08-24T11:24:41","slug":"our-instructors","status":"publish","type":"page","link":"https:\/\/swim.garant.ee\/et\/our-instructors\/","title":{"rendered":"Meie treenerid"},"content":{"rendered":"\t\t<div data-elementor-type=\"wp-page\" data-elementor-id=\"1652\" class=\"elementor elementor-1652 elementor-833\" data-elementor-post-type=\"page\">\n\t\t\t\t<div class=\"elementor-element elementor-element-655cf66 e-con-full instrictors_page e-flex e-con e-parent\" data-id=\"655cf66\" data-element_type=\"container\" data-settings=\"{&quot;background_background&quot;:&quot;classic&quot;,&quot;_ha_eqh_enable&quot;:false}\">\n\t\t\t\t<div class=\"elementor-element elementor-element-2bc60ea wdt-custom-heading-main elementor-widget elementor-widget-wdt-heading\" data-id=\"2bc60ea\" data-element_type=\"widget\" data-settings=\"{&quot;item_background_background&quot;:&quot;classic&quot;,&quot;item_background_color&quot;:&quot;#FFFFFF&quot;,&quot;wdt_animation_effect&quot;:&quot;none&quot;}\" data-widget_type=\"wdt-heading.default\">\n\t\t\t\t<div class=\"elementor-widget-container\">\n\t\t\t<div class=\"wdt-heading-holder \" id=\"wdt-heading-2bc60ea\"><h1 class=\"wdt-heading-title-wrapper wdt-heading-align- wdt-heading-deco-wrapper\"><span class=\"wdt-heading-title\">meie treenerid<\/span><\/h1><div class=\"wdt-heading-subtitle-wrapper wdt-heading-align- \"><span class=\"wdt-heading-subtitle\">Parimatest parimad<\/span><\/div><\/div>\t\t<\/div>\n\t\t\t\t<\/div>\n\t\t<div class=\"elementor-element elementor-element-e3887a8 e-con-full e-grid e-con e-child\" data-id=\"e3887a8\" data-element_type=\"container\" data-settings=\"{&quot;_ha_eqh_enable&quot;:false}\">\n\t\t\t\t<div class=\"elementor-element elementor-element-f52c06f elementor-widget elementor-widget-html\" data-id=\"f52c06f\" data-element_type=\"widget\" data-settings=\"{&quot;wdt_animation_effect&quot;:&quot;none&quot;}\" data-widget_type=\"html.default\">\n\t\t\t\t<div class=\"elementor-widget-container\">\n\t\t\t<div class=\"team_card\">\r\n\t<img decoding=\"async\" class=\"team_card-avatar\" src=\"https:\/\/swim.garant.ee\/wp-content\/uploads\/2024\/08\/kapelin.png\" \/>\r\n\t<div class=\"team_card-info\">\r\n\t\t<div class=\"team_card-title\">\r\n\t\t\t<span class=\"team_card-name\">Dmitri Kapelin<\/span>\r\n\t\t\t<span class=\"team_card-position\">Lasnam\u00e4e G\u00fcmnaasium, S\u00f5le Spordikompleks<\/span>\r\n\t\t<\/div>\r\n\t\t\r\n\t\t<div class=\"team_card-contact\">\r\n\t\t    <span class=\"team_card-ekr\">\r\n\t\t\t    KATEGOORIA: EKR VI\r\n\t\t    <\/span>\r\n\t\t\t<span class=\"contact-title\">kontakt:<\/span>\r\n\t\t\t<div class=\"contact-links\">\r\n\t\t\t\t<a href=\"mailto:swimming@garant.ee\">swimming@garant.ee<\/a>\r\n\t\t\t<\/div>\r\n\t\t<\/div>\r\n\t<\/div>\r\n<\/div>\t\t<\/div>\n\t\t\t\t<\/div>\n\t\t\t\t<div class=\"elementor-element elementor-element-c52fefa elementor-widget elementor-widget-html\" data-id=\"c52fefa\" data-element_type=\"widget\" data-settings=\"{&quot;wdt_animation_effect&quot;:&quot;none&quot;}\" data-widget_type=\"html.default\">\n\t\t\t\t<div class=\"elementor-widget-container\">\n\t\t\t<div class=\"team_card\">\r\n\t<img decoding=\"async\" class=\"team_card-avatar\" src=\"https:\/\/swim.garant.ee\/wp-content\/uploads\/2024\/08\/vlabzin.png\" \/>\r\n\t<div class=\"team_card-info\">\r\n\t\t<div class=\"team_card-title\">\r\n\t\t\t<span class=\"team_card-name\">Vladimir Labzin<\/span>\r\n\t\t\t<span class=\"team_card-position\"\r\n\t\t\t>S\u00f5le Spordikeskus, J\u00e4rveotsa G\u00fcmnaasium<\/span>\r\n\t\t<\/div>\r\n\t\t<div class=\"team_card-contact\">\r\n\t\t    <span class=\"team_card-ekr\">\r\n\t\t\t    KATEGOORIA: EKR VI\r\n\t\t\t <\/span>\r\n\t\t <span class=\"contact-title\">kontakt:<\/span>\r\n\t\t\t<div class=\"contact-links\">\r\n\t\t\t\t<a href=\"mailto:vladimir.labzin@garant.ee\">vladimir.labzin@garant.ee<\/a>\r\n\t\t\t<\/div>\r\n\t\t<\/div>\r\n\t<\/div>\r\n<\/div>\t\t<\/div>\n\t\t\t\t<\/div>\n\t\t\t\t<div class=\"elementor-element elementor-element-0eff187 elementor-widget elementor-widget-html\" data-id=\"0eff187\" data-element_type=\"widget\" data-settings=\"{&quot;wdt_animation_effect&quot;:&quot;none&quot;}\" data-widget_type=\"html.default\">\n\t\t\t\t<div class=\"elementor-widget-container\">\n\t\t\t<div class=\"team_card\">\r\n\t<img decoding=\"async\" class=\"team_card-avatar\" src=\"https:\/\/swim.garant.ee\/wp-content\/uploads\/2024\/08\/dputsepp.png\" \/>\r\n\t<div class=\"team_card-info\">\r\n\t\t<div class=\"team_card-title\">\r\n\t\t\t<span class=\"team_card-name\">Dmitri P\u00fctsepp<\/span>\r\n\t\t\t<span class=\"team_card-position\"> S\u00f5le Spordikompleks<\/span>\r\n\t\t<\/div>\r\n\t\t\r\n\t\t<div class=\"team_card-contact\">\r\n\t\t    <span class=\"team_card-ekr\">\r\n\t\t\t    KATEGOORIA: EKR V\r\n\t\t    <\/span>\r\n\t\t\t<span class=\"contact-title\">kontakt:<\/span>\r\n\t\t\t<div class=\"contact-links\">\r\n\t\t\t\t<a href=\"mailto:dmitri.pytsepp@garant.ee\">dmitri.pytsepp@garant.ee<\/a>\r\n\t\t\t<\/div>\r\n\t\t<\/div>\r\n\t<\/div>\r\n<\/div>\t\t<\/div>\n\t\t\t\t<\/div>\n\t\t\t\t<div class=\"elementor-element elementor-element-a7ae4cd elementor-widget elementor-widget-html\" data-id=\"a7ae4cd\" data-element_type=\"widget\" data-settings=\"{&quot;wdt_animation_effect&quot;:&quot;none&quot;}\" data-widget_type=\"html.default\">\n\t\t\t\t<div class=\"elementor-widget-container\">\n\t\t\t<div class=\"team_card\">\r\n\t<img decoding=\"async\" class=\"team_card-avatar\" src=\"https:\/\/swim.garant.ee\/wp-content\/uploads\/2024\/08\/olabzin.png\" \/>\r\n\t<div class=\"team_card-info\">\r\n\t\t<div class=\"team_card-title\">\r\n\t\t\t<span class=\"team_card-name\">Oleg Labzin<\/span>\r\n\t\t\t<span class=\"team_card-position\">ARTE G\u00fcmnaasium<\/span>\r\n\t\t<\/div>\r\n\t\t\r\n\t\t<div class=\"team_card-contact\">\r\n\t\t    <span class=\"team_card-ekr\">\r\n\t\t\t    KATEGOORIA: EKR VII\r\n\t\t    <\/span>\r\n\t\t\t<span class=\"contact-title\">kontakt:<\/span>\r\n\t\t\t<div class=\"contact-links\">\r\n\t\t\t\t<a href=\"mailto:oleg.labzin@garant.ee\">oleg.labzin@garant.ee<\/a>\r\n\t\t\t<\/div>\r\n\t\t<\/div>\r\n\t<\/div>\r\n<\/div>\t\t<\/div>\n\t\t\t\t<\/div>\n\t\t\t\t<div class=\"elementor-element elementor-element-320ea52 elementor-widget elementor-widget-html\" data-id=\"320ea52\" data-element_type=\"widget\" data-settings=\"{&quot;wdt_animation_effect&quot;:&quot;none&quot;}\" data-widget_type=\"html.default\">\n\t\t\t\t<div class=\"elementor-widget-container\">\n\t\t\t<div class=\"team_card\">\r\n\t<img decoding=\"async\" class=\"team_card-avatar\" src=\"https:\/\/swim.garant.ee\/wp-content\/uploads\/2024\/08\/zugunova.png\" \/>\r\n\t<div class=\"team_card-info\">\r\n\t\t<div class=\"team_card-title\">\r\n\t\t\t<span class=\"team_card-name\">Anastassija Zugunova<\/span>\r\n\t\t\t<span class=\"team_card-position\">J\u00e4rveotsa G\u00fcmnaasium<\/span>\r\n\t\t<\/div>\r\n\t\t\r\n\t\t<div class=\"team_card-contact\">\r\n\t\t    <span class=\"team_card-ekr\">\r\n\t\t\t    KATEGOORIA: EKR V\r\n\t\t    <\/span>\r\n\t\t\t<span class=\"contact-title\">kontakt:<\/span>\r\n\t\t\t<div class=\"contact-links\">\r\n\t\t\t\t<a href=\"mailto:anastassija.zugunova@garant.ee\">anastassija.zugunova@garant.ee<\/a>\r\n\t\t\t<\/div>\r\n\t\t<\/div>\r\n\t<\/div>\r\n<\/div>\t\t<\/div>\n\t\t\t\t<\/div>\n\t\t\t\t<div class=\"elementor-element elementor-element-dfd312a elementor-widget elementor-widget-html\" data-id=\"dfd312a\" data-element_type=\"widget\" data-settings=\"{&quot;wdt_animation_effect&quot;:&quot;none&quot;}\" data-widget_type=\"html.default\">\n\t\t\t\t<div class=\"elementor-widget-container\">\n\t\t\t<div class=\"team_card\">\r\n\t<img decoding=\"async\" class=\"team_card-avatar\" src=\"https:\/\/swim.garant.ee\/wp-content\/uploads\/2024\/07\/plug_instructor.png\" \/>\r\n\t<div class=\"team_card-info\">\r\n\t\t<div class=\"team_card-title\">\r\n\t\t\t<span class=\"team_card-name\">Viacheslav Prudnikov<\/span>\r\n\t\t\t<span class=\"team_card-position\">S\u00f5le Spordikeskus , J\u00e4rveotsa G\u00fcmnaasium<\/span>\r\n\t\t<\/div>\r\n\t\t\r\n\t\t<div class=\"team_card-contact\">\r\n\t\t    <span class=\"team_card-ekr\">\r\n\t\t\t    KATEGOORIA: EKR V\r\n\t\t    <\/span>\r\n\t\t\t<span class=\"contact-title\">kontakt:<\/span>\r\n\t\t\t<div class=\"contact-links\">\r\n\t\t\t\t<a href=\"mailto:vyacheslav.prudnikov@garant.ee\">vyacheslav.prudnikov@garant.ee<\/a>\r\n\t\t\t<\/div>\r\n\t\t<\/div>\r\n\t<\/div>\r\n<\/div>\t\t<\/div>\n\t\t\t\t<\/div>\n\t\t\t\t<div class=\"elementor-element elementor-element-be8c992 elementor-widget elementor-widget-html\" data-id=\"be8c992\" data-element_type=\"widget\" data-settings=\"{&quot;wdt_animation_effect&quot;:&quot;none&quot;}\" data-widget_type=\"html.default\">\n\t\t\t\t<div class=\"elementor-widget-container\">\n\t\t\t<div class=\"team_card\">\r\n\t<img decoding=\"async\" class=\"team_card-avatar\" src=\"https:\/\/swim.garant.ee\/wp-content\/uploads\/2024\/08\/lovi.png\" \/>\r\n\t<div class=\"team_card-info\">\r\n\t\t<div class=\"team_card-title\">\r\n\t\t\t<span class=\"team_card-name\">Oksana L\u00f5vi<\/span>\r\n\t\t\t<span class=\"team_card-position\">ARTE G\u00fcmnaasium<\/span>\r\n\t\t<\/div>\r\n\t\t\r\n\t\t<div class=\"team_card-contact\">\r\n\t\t    <span class=\"team_card-ekr\">\r\n\t\t\t    KATEGOORIA: EKR V\r\n\t\t    <\/span>\r\n\t\t\t<span class=\"contact-title\">kontakt:<\/span>\r\n\t\t\t<div class=\"contact-links\">\r\n\t\t\t\t<a href=\"mailto:oksana.lovi@garant.ee\">oksana.lovi@garant.ee<\/a>\r\n\t\t\t<\/div>\r\n\t\t<\/div>\r\n\t<\/div>\r\n<\/div>\t\t<\/div>\n\t\t\t\t<\/div>\n\t\t\t\t<div class=\"elementor-element elementor-element-31e85b2 elementor-widget elementor-widget-html\" data-id=\"31e85b2\" data-element_type=\"widget\" data-settings=\"{&quot;wdt_animation_effect&quot;:&quot;none&quot;}\" data-widget_type=\"html.default\">\n\t\t\t\t<div class=\"elementor-widget-container\">\n\t\t\t<div class=\"team_card\">\r\n\t<img decoding=\"async\" class=\"team_card-avatar\" src=\"https:\/\/swim.garant.ee\/wp-content\/uploads\/2024\/08\/romanjuk.png\" \/>\r\n\t<div class=\"team_card-info\">\r\n\t\t<div class=\"team_card-title\">\r\n\t\t\t<span class=\"team_card-name\">Maria Romanjuk<\/span>\r\n\t\t\t<span class=\"team_card-position\"> S\u00f5le Spordikompleks<\/span>\r\n\t\t<\/div>\r\n\t\t\r\n\t\t<div class=\"team_card-contact\">\r\n\t\t    <span class=\"team_card-ekr\">\r\n\t\t\t    KATEGOORIA: EKR V\r\n\t\t    <\/span>\r\n\t\t\t<span class=\"contact-title\">kontakt:<\/span>\r\n\t\t\t<div class=\"contact-links\">\r\n\t\t\t\t<a href=\"mailto:maria.romanjuk@garant.ee\">maria.romanjuk@garant.ee<\/a>\r\n\t\t\t<\/div>\r\n\t\t<\/div>\r\n\t<\/div>\r\n<\/div>\t\t<\/div>\n\t\t\t\t<\/div>\n\t\t\t\t<div class=\"elementor-element elementor-element-e9ac58c elementor-widget elementor-widget-html\" data-id=\"e9ac58c\" data-element_type=\"widget\" data-settings=\"{&quot;wdt_animation_effect&quot;:&quot;none&quot;}\" data-widget_type=\"html.default\">\n\t\t\t\t<div class=\"elementor-widget-container\">\n\t\t\t<div class=\"team_card\">\r\n\t<img decoding=\"async\" class=\"team_card-avatar\" src=\"https:\/\/swim.garant.ee\/wp-content\/uploads\/2024\/08\/pikiner.png\" \/>\r\n\t<div class=\"team_card-info\">\r\n\t\t<div class=\"team_card-title\">\r\n\t\t\t<span class=\"team_card-name\">Irina Pikiner<\/span>\r\n\t\t\t<span class=\"team_card-position\">Lasnam\u00e4e G\u00fcmnaasium, Laagna G\u00fcmnaasium <\/span>\r\n\t\t<\/div>\r\n\t\t\r\n\t\t<div class=\"team_card-contact\">\r\n\t\t    <span class=\"team_card-ekr\">\r\n\t\t\t    KATEGOORIA: EKR5\r\n\t\t    <\/span>\r\n\t\t\t<span class=\"contact-title\">kontakt:<\/span>\r\n\t\t\t<div class=\"contact-links\">\r\n\t\t\t\t<a href=\"mailto:irina.pikiner@garant.ee\">irina.pikiner@garant.ee<\/a>\r\n\t\t\t<\/div>\r\n\t\t<\/div>\r\n\t<\/div>\r\n<\/div>\t\t<\/div>\n\t\t\t\t<\/div>\n\t\t\t\t<div class=\"elementor-element elementor-element-c194098 elementor-widget elementor-widget-html\" data-id=\"c194098\" data-element_type=\"widget\" data-settings=\"{&quot;wdt_animation_effect&quot;:&quot;none&quot;}\" data-widget_type=\"html.default\">\n\t\t\t\t<div class=\"elementor-widget-container\">\n\t\t\t<div class=\"team_card\">\r\n\t<img decoding=\"async\" class=\"team_card-avatar\" src=\"https:\/\/swim.garant.ee\/wp-content\/uploads\/2024\/08\/akapelin.png\" \/>\r\n\t<div class=\"team_card-info\">\r\n\t\t<div class=\"team_card-title\">\r\n\t\t\t<span class=\"team_card-name\">Aleksandr Kapelin<\/span>\r\n\t\t\t<span class=\"team_card-position\">Lasnam\u00e4e G\u00fcmnaasium<\/span>\r\n\t\t<\/div>\r\n\t\t\r\n\t\t<div class=\"team_card-contact\">\r\n\t\t    <span class=\"team_card-ekr\">\r\n\t\t\t    KATEGOORIA: EKR V\r\n\t\t    <\/span>\r\n\t\t\t<span class=\"contact-title\">kontakt:<\/span>\r\n\t\t\t<div class=\"contact-links\">\r\n\t\t\t\t<a href=\"mailto:aleksandr.kapelin@garant.ee\">aleksandr.kapelin@garant.ee<\/a>\r\n\t\t\t<\/div>\r\n\t\t<\/div>\r\n\t<\/div>\r\n<\/div>\t\t<\/div>\n\t\t\t\t<\/div>\n\t\t\t\t<div class=\"elementor-element elementor-element-4f329ec elementor-widget elementor-widget-html\" data-id=\"4f329ec\" data-element_type=\"widget\" data-settings=\"{&quot;wdt_animation_effect&quot;:&quot;none&quot;}\" data-widget_type=\"html.default\">\n\t\t\t\t<div class=\"elementor-widget-container\">\n\t\t\t<div class=\"team_card\">\r\n\t<img decoding=\"async\" class=\"team_card-avatar\" src=\"https:\/\/swim.garant.ee\/wp-content\/uploads\/2024\/08\/akapelina.png\" \/>\r\n\t<div class=\"team_card-info\">\r\n\t\t<div class=\"team_card-title\">\r\n\t\t\t<span class=\"team_card-name\">Anna Kapelina<\/span>\r\n\t\t\t<span class=\"team_card-position\">Lasnam\u00e4e G\u00fcmnaasium<\/span>\r\n\t\t<\/div>\r\n\t\t\r\n\t\t<div class=\"team_card-contact\">\r\n\t\t    <span class=\"team_card-ekr\">\r\n\t\t\t    KATEGOORIA: EKR V\r\n\t\t    <\/span>\r\n\t\t\t<span class=\"contact-title\">kontakt:<\/span>\r\n\t\t\t<div class=\"contact-links\">\r\n\t\t\t\t<a href=\"mailto:anna.kapelina@garant.ee\">anna.kapelina@garant.ee<\/a>\r\n\t\t\t<\/div>\r\n\t\t<\/div>\r\n\t<\/div>\r\n<\/div>\t\t<\/div>\n\t\t\t\t<\/div>\n\t\t\t\t<\/div>\n\t\t\t\t<\/div>\n\t\t<div class=\"elementor-element elementor-element-04a21bf e-grid e-con-boxed e-con e-parent\" data-id=\"04a21bf\" data-element_type=\"container\" data-settings=\"{&quot;_ha_eqh_enable&quot;:false}\">\n\t\t\t\t\t<div class=\"e-con-inner\">\n\t\t\t\t\t<\/div>\n\t\t\t\t<\/div>\n\t\t<div class=\"elementor-element elementor-element-809515b e-grid e-con-boxed e-con e-parent\" data-id=\"809515b\" data-element_type=\"container\" data-settings=\"{&quot;_ha_eqh_enable&quot;:false}\">\n\t\t\t\t\t<div class=\"e-con-inner\">\n\t\t\t\t\t<\/div>\n\t\t\t\t<\/div>\n\t\t\t\t<\/div>\n\t\t","protected":false},"excerpt":{"rendered":"<p>meie treenerid Parimatest parimad Dmitri Kapelin Lasnam\u00e4e G\u00fcmnaasium, S\u00f5le Spordikompleks KATEGOORIA: EKR VI kontakt: swimming@garant.ee Vladimir Labzin S\u00f5le Spordikeskus, J\u00e4rveotsa G\u00fcmnaasium KATEGOORIA: EKR VI kontakt: vladimir.labzin@garant.ee Dmitri P\u00fctsepp S\u00f5le Spordikompleks [&hellip;]<\/p>\n","protected":false},"author":2,"featured_media":0,"parent":0,"menu_order":0,"comment_status":"closed","ping_status":"closed","template":"","meta":{"footnotes":""},"class_list":["post-1652","page","type-page","status-publish","hentry"],"aioseo_notices":[],"_links":{"self":[{"href":"https:\/\/swim.garant.ee\/et\/wp-json\/wp\/v2\/pages\/1652"}],"collection":[{"href":"https:\/\/swim.garant.ee\/et\/wp-json\/wp\/v2\/pages"}],"about":[{"href":"https:\/\/swim.garant.ee\/et\/wp-json\/wp\/v2\/types\/page"}],"author":[{"embeddable":true,"href":"https:\/\/swim.garant.ee\/et\/wp-json\/wp\/v2\/users\/2"}],"replies":[{"embeddable":true,"href":"https:\/\/swim.garant.ee\/et\/wp-json\/wp\/v2\/comments?post=1652"}],"version-history":[{"count":67,"href":"https:\/\/swim.garant.ee\/et\/wp-json\/wp\/v2\/pages\/1652\/revisions"}],"predecessor-version":[{"id":5759,"href":"https:\/\/swim.garant.ee\/et\/wp-json\/wp\/v2\/pages\/1652\/revisions\/5759"}],"wp:attachment":[{"href":"https:\/\/swim.garant.ee\/et\/wp-json\/wp\/v2\/media?parent=1652"}],"curies":[{"name":"wp","href":"https:\/\/api.w.org\/{rel}","templated":true}]}}