{"id":1658,"date":"2024-07-31T11:03:43","date_gmt":"2024-07-31T11:03:43","guid":{"rendered":"https:\/\/swim.garant.ee\/trainings\/"},"modified":"2024-09-08T11:35:11","modified_gmt":"2024-09-08T11:35:11","slug":"trainings","status":"publish","type":"page","link":"https:\/\/swim.garant.ee\/et\/trainings\/","title":{"rendered":"Treeningud"},"content":{"rendered":"\t\t<div data-elementor-type=\"wp-page\" data-elementor-id=\"1658\" class=\"elementor elementor-1658 elementor-875\" data-elementor-post-type=\"page\">\n\t\t\t\t<div class=\"elementor-element elementor-element-d659103 e-flex e-con-boxed e-con e-parent\" data-id=\"d659103\" data-element_type=\"container\" data-settings=\"{&quot;_ha_eqh_enable&quot;:false}\">\n\t\t\t\t\t<div class=\"e-con-inner\">\n\t\t\t\t<div class=\"elementor-element elementor-element-835e037 elementor-widget-tablet__width-inherit elementor-widget elementor-widget-wdt-heading\" data-id=\"835e037\" data-element_type=\"widget\" data-settings=\"{&quot;separator_background_background&quot;:&quot;classic&quot;,&quot;separator_background_color&quot;:&quot;#FFFFFF&quot;,&quot;wdt_animation_effect&quot;:&quot;none&quot;}\" data-widget_type=\"wdt-heading.default\">\n\t\t\t\t<div class=\"elementor-widget-container\">\n\t\t\t<div class=\"wdt-heading-holder \" id=\"wdt-heading-835e037\"><div class=\"wdt-heading-title-wrapper wdt-heading-align- wdt-heading-deco-wrapper\"><span class=\"wdt-heading-title\"><span class=\"wdt-heading-colored-elements\">TREENINGUD<\/span><\/span><\/div><div class=\"wdt-heading-content-wrapper\">Hetkel pakub Spordiklubi Garant ujumistunde <b><u>11 erinevates basseinides<\/u><\/b>, mis katavad kogu Tallinna piirkonna, samuti Viimsi. T\u00e4psemat teavet basseinide, gruppide ja vanusegruppide kohta leiate allolevatelt linkidelt.<\/div><\/div>\t\t<\/div>\n\t\t\t\t<\/div>\n\t\t\t\t<div class=\"elementor-element elementor-element-cca3c1c training_programms elementor-widget elementor-widget-wdt-specifications\" data-id=\"cca3c1c\" data-element_type=\"widget\" data-settings=\"{&quot;columns&quot;:&quot;1&quot;,&quot;columns_laptop&quot;:&quot;1&quot;,&quot;columns_tablet_extra&quot;:&quot;1&quot;,&quot;columns_mobile_extra&quot;:&quot;1&quot;,&quot;columns_tablet&quot;:&quot;1&quot;,&quot;button_hover_background_background&quot;:&quot;classic&quot;,&quot;button_normal_background_background&quot;:&quot;classic&quot;,&quot;button_normal_background_color&quot;:&quot;#FFDE00&quot;,&quot;button_hover_background_color&quot;:&quot;#060505&quot;,&quot;columns_mobile&quot;:1,&quot;carousel_arrows_prev_arrow_vertical_top_indent&quot;:{&quot;unit&quot;:&quot;%&quot;,&quot;size&quot;:&quot;&quot;,&quot;sizes&quot;:[]},&quot;carousel_arrows_prev_arrow_vertical_top_indent_laptop&quot;:{&quot;unit&quot;:&quot;px&quot;,&quot;size&quot;:&quot;&quot;,&quot;sizes&quot;:[]},&quot;carousel_arrows_prev_arrow_vertical_top_indent_tablet_extra&quot;:{&quot;unit&quot;:&quot;px&quot;,&quot;size&quot;:&quot;&quot;,&quot;sizes&quot;:[]},&quot;carousel_arrows_prev_arrow_vertical_top_indent_tablet&quot;:{&quot;unit&quot;:&quot;%&quot;,&quot;size&quot;:&quot;&quot;,&quot;sizes&quot;:[]},&quot;carousel_arrows_prev_arrow_vertical_top_indent_mobile_extra&quot;:{&quot;unit&quot;:&quot;px&quot;,&quot;size&quot;:&quot;&quot;,&quot;sizes&quot;:[]},&quot;carousel_arrows_prev_arrow_vertical_top_indent_mobile&quot;:{&quot;unit&quot;:&quot;%&quot;,&quot;size&quot;:&quot;&quot;,&quot;sizes&quot;:[]},&quot;carousel_arrows_prev_arrow_horizontal_left_indent&quot;:{&quot;unit&quot;:&quot;%&quot;,&quot;size&quot;:&quot;&quot;,&quot;sizes&quot;:[]},&quot;carousel_arrows_prev_arrow_horizontal_left_indent_laptop&quot;:{&quot;unit&quot;:&quot;px&quot;,&quot;size&quot;:&quot;&quot;,&quot;sizes&quot;:[]},&quot;carousel_arrows_prev_arrow_horizontal_left_indent_tablet_extra&quot;:{&quot;unit&quot;:&quot;px&quot;,&quot;size&quot;:&quot;&quot;,&quot;sizes&quot;:[]},&quot;carousel_arrows_prev_arrow_horizontal_left_indent_tablet&quot;:{&quot;unit&quot;:&quot;%&quot;,&quot;size&quot;:&quot;&quot;,&quot;sizes&quot;:[]},&quot;carousel_arrows_prev_arrow_horizontal_left_indent_mobile_extra&quot;:{&quot;unit&quot;:&quot;px&quot;,&quot;size&quot;:&quot;&quot;,&quot;sizes&quot;:[]},&quot;carousel_arrows_prev_arrow_horizontal_left_indent_mobile&quot;:{&quot;unit&quot;:&quot;%&quot;,&quot;size&quot;:&quot;&quot;,&quot;sizes&quot;:[]},&quot;carousel_arrows_next_arrow_vertical_top_indent&quot;:{&quot;unit&quot;:&quot;%&quot;,&quot;size&quot;:&quot;&quot;,&quot;sizes&quot;:[]},&quot;carousel_arrows_next_arrow_vertical_top_indent_laptop&quot;:{&quot;unit&quot;:&quot;px&quot;,&quot;size&quot;:&quot;&quot;,&quot;sizes&quot;:[]},&quot;carousel_arrows_next_arrow_vertical_top_indent_tablet_extra&quot;:{&quot;unit&quot;:&quot;px&quot;,&quot;size&quot;:&quot;&quot;,&quot;sizes&quot;:[]},&quot;carousel_arrows_next_arrow_vertical_top_indent_tablet&quot;:{&quot;unit&quot;:&quot;%&quot;,&quot;size&quot;:&quot;&quot;,&quot;sizes&quot;:[]},&quot;carousel_arrows_next_arrow_vertical_top_indent_mobile_extra&quot;:{&quot;unit&quot;:&quot;px&quot;,&quot;size&quot;:&quot;&quot;,&quot;sizes&quot;:[]},&quot;carousel_arrows_next_arrow_vertical_top_indent_mobile&quot;:{&quot;unit&quot;:&quot;%&quot;,&quot;size&quot;:&quot;&quot;,&quot;sizes&quot;:[]},&quot;carousel_arrows_next_arrow_horizontal_left_indent&quot;:{&quot;unit&quot;:&quot;%&quot;,&quot;size&quot;:&quot;&quot;,&quot;sizes&quot;:[]},&quot;carousel_arrows_next_arrow_horizontal_left_indent_laptop&quot;:{&quot;unit&quot;:&quot;px&quot;,&quot;size&quot;:&quot;&quot;,&quot;sizes&quot;:[]},&quot;carousel_arrows_next_arrow_horizontal_left_indent_tablet_extra&quot;:{&quot;unit&quot;:&quot;px&quot;,&quot;size&quot;:&quot;&quot;,&quot;sizes&quot;:[]},&quot;carousel_arrows_next_arrow_horizontal_left_indent_tablet&quot;:{&quot;unit&quot;:&quot;%&quot;,&quot;size&quot;:&quot;&quot;,&quot;sizes&quot;:[]},&quot;carousel_arrows_next_arrow_horizontal_left_indent_mobile_extra&quot;:{&quot;unit&quot;:&quot;px&quot;,&quot;size&quot;:&quot;&quot;,&quot;sizes&quot;:[]},&quot;carousel_arrows_next_arrow_horizontal_left_indent_mobile&quot;:{&quot;unit&quot;:&quot;%&quot;,&quot;size&quot;:&quot;&quot;,&quot;sizes&quot;:[]},&quot;wdt_animation_effect&quot;:&quot;none&quot;}\" data-widget_type=\"wdt-specifications.default\">\n\t\t\t\t<div class=\"elementor-widget-container\">\n\t\t\t<div class=\"wdt-specifications-holder wdt-content-item-holder wdt-column-holder \" id=\"wdt-specifications-cca3c1c\" data-settings=\"\"><div class=\"wdt-column-wrapper wdt-column-gap-custom\"><div class=\"wdt-column\"><div class=\"wdt-content-item\"><div class=\"wdt-specification-block\"><div class=\"wdt-content-image-wrapper \"><div class=\"wdt-content-image\"><a href=\"https:\/\/swim.garant.ee\/et\/trainings\/babies\/\" target=\"_blank\" rel=\"nofollow\"><img fetchpriority=\"high\" decoding=\"async\" width=\"2560\" height=\"1703\" src=\"https:\/\/swim.garant.ee\/wp-content\/uploads\/2024\/08\/01.-Beebid-scaled.jpg\" class=\"attachment-full size-full wp-image-2761\" alt=\"\" srcset=\"https:\/\/swim.garant.ee\/wp-content\/uploads\/2024\/08\/01.-Beebid-scaled.jpg 2560w, https:\/\/swim.garant.ee\/wp-content\/uploads\/2024\/08\/01.-Beebid-300x200.jpg 300w, https:\/\/swim.garant.ee\/wp-content\/uploads\/2024\/08\/01.-Beebid-1024x681.jpg 1024w, https:\/\/swim.garant.ee\/wp-content\/uploads\/2024\/08\/01.-Beebid-768x511.jpg 768w, https:\/\/swim.garant.ee\/wp-content\/uploads\/2024\/08\/01.-Beebid-1536x1022.jpg 1536w, https:\/\/swim.garant.ee\/wp-content\/uploads\/2024\/08\/01.-Beebid-2048x1363.jpg 2048w\" sizes=\"(max-width: 2560px) 100vw, 2560px\" \/><\/a><\/div><\/div><div class=\"wdt-content-detail-group\"><div class=\"wdt-content-title\"><h5><a href=\"https:\/\/swim.garant.ee\/et\/trainings\/babies\/\">Tunnid v\u00e4ikelastele<\/a><\/h5><\/div><div class=\"wdt-content-subtitle\">Vanus: kuni 3.5 a.<\/div><div class=\"wdt-content-description\">See tase viitab lastele alates imikutest kuni 3,5 aastani. Sellele vanusele m\u00f5eldud \u00f5ppet\u00f6\u00f6 toimub v\u00e4ikestes basseinides, kus lapsed tunnevad end mugavamalt ja veetemperatuur on peamiselt 30\u201332 kraadi.<\/div><div class=\"wdt-content-spec-group\"><div class=\"wdt-content-spec-block\">\r\n\t\t\t\t\t\t\t\t\t\t\t\t\t<div class=\"wdt-content-spec-title\"><a href=\"https:\/\/swim.garant.ee\/et\/trainings\/babies\/\">Gruppid:<\/a><\/div>\r\n\t\t\t\t\t\t\t\t\t\t\t\t\t<div class=\"wdt-content-spec-subtitle\">B<\/div><\/div><div class=\"wdt-content-spec-block\">\r\n\t\t\t\t\t\t\t\t\t\t\t\t\t<div class=\"wdt-content-spec-title\"><a href=\"https:\/\/swim.garant.ee\/et\/trainings\/babies\/\">Ujulad:<\/a><\/div>\r\n\t\t\t\t\t\t\t\t\t\t\t\t\t<div class=\"wdt-content-spec-subtitle\">Lasnam\u00e4e tervisemaja , S\u00f5le Spordikompleks, Elamus SPA, Viimsi Spa, V\u00e4ike bassein (Punane 29a).<\/div><\/div><\/div><div class=\"wdt-content-button-group\"><div class=\"wdt-link-button wdt-link-button-clone\"><a href=\"https:\/\/swim.garant.ee\/et\/trainings\/babies\/\"><div class=\"wdt-button-link\"><span>Explore Now<\/span><\/div><\/a><\/div><div class=\"wdt-content-button wdt-button-clone\"><a href=\"https:\/\/swim.garant.ee\/et\/trainings\/babies\/\"><div class=\"wdt-button-text\"><span>Vaata rohkem<\/span><\/div><\/a><\/div><\/div><\/div><\/div><\/div><\/div><div class=\"wdt-column\"><div class=\"wdt-content-item\"><div class=\"wdt-specification-block\"><div class=\"wdt-content-image-wrapper \"><div class=\"wdt-content-image\"><a href=\"https:\/\/swim.garant.ee\/et\/trainings\/preschool\/\" target=\"_blank\" rel=\"nofollow\"><img decoding=\"async\" width=\"2560\" height=\"1707\" src=\"https:\/\/swim.garant.ee\/wp-content\/uploads\/2024\/08\/02.-Lapsed-scaled.jpg\" class=\"attachment-full size-full wp-image-2764\" alt=\"\" srcset=\"https:\/\/swim.garant.ee\/wp-content\/uploads\/2024\/08\/02.-Lapsed-scaled.jpg 2560w, https:\/\/swim.garant.ee\/wp-content\/uploads\/2024\/08\/02.-Lapsed-300x200.jpg 300w, https:\/\/swim.garant.ee\/wp-content\/uploads\/2024\/08\/02.-Lapsed-1024x683.jpg 1024w, https:\/\/swim.garant.ee\/wp-content\/uploads\/2024\/08\/02.-Lapsed-768x512.jpg 768w, https:\/\/swim.garant.ee\/wp-content\/uploads\/2024\/08\/02.-Lapsed-1536x1024.jpg 1536w, https:\/\/swim.garant.ee\/wp-content\/uploads\/2024\/08\/02.-Lapsed-2048x1365.jpg 2048w\" sizes=\"(max-width: 2560px) 100vw, 2560px\" \/><\/a><\/div><\/div><div class=\"wdt-content-detail-group\"><div class=\"wdt-content-title\"><h5><a href=\"https:\/\/swim.garant.ee\/et\/trainings\/preschool\/\">Eelkooliealiste ujumine<\/a><\/h5><\/div><div class=\"wdt-content-subtitle\">Vanus: 3.5 kuni 6 a.<\/div><div class=\"wdt-content-description\">Sellest vanusest alates on lapsed valmis \u00f5ppima ilma vanemateta, \u00fcksi koos juhendaja ja teiste r\u00fchma lastega. Tunnid toimuvad peamiselt v\u00e4ikeses soojema veega basseinis. Selles veevalitsemise etapis on lapsed juba valmis tegema keerukamaid koordinatsioonitoiminguid ning suudavad ka paremini koondada oma t\u00e4helepanu sooritatavatele liigutustele.<\/div><div class=\"wdt-content-spec-group\"><div class=\"wdt-content-spec-block\">\r\n\t\t\t\t\t\t\t\t\t\t\t\t\t<div class=\"wdt-content-spec-title\"><a href=\"https:\/\/swim.garant.ee\/et\/trainings\/preschool\/\">Gruppid:<\/a><\/div>\r\n\t\t\t\t\t\t\t\t\t\t\t\t\t<div class=\"wdt-content-spec-subtitle\">L, LA<\/div><\/div><div class=\"wdt-content-spec-block\">\r\n\t\t\t\t\t\t\t\t\t\t\t\t\t<div class=\"wdt-content-spec-title\"><a href=\"https:\/\/swim.garant.ee\/et\/trainings\/preschool\/\">Ujulad:<\/a><\/div>\r\n\t\t\t\t\t\t\t\t\t\t\t\t\t<div class=\"wdt-content-spec-subtitle\">Laagna G\u00fcmnaasium, S\u00f5le Spordikompleks (S\u00f5le 40a), Pelgulinna G\u00fcmnaasium, Elamus SPA , J\u00e4rveotsa G\u00fcmnaasium, Viimsi Spa, V\u00e4ike bassein (Punane 29a).<\/div><\/div><\/div><div class=\"wdt-content-button-group\"><div class=\"wdt-link-button wdt-link-button-clone\"><a href=\"https:\/\/swim.garant.ee\/et\/trainings\/preschool\/\"><div class=\"wdt-button-link\"><span>Explore Now<\/span><\/div><\/a><\/div><div class=\"wdt-content-button wdt-button-clone\"><a href=\"https:\/\/swim.garant.ee\/et\/trainings\/preschool\/\"><div class=\"wdt-button-text\"><span>Vaata rohkem<\/span><\/div><\/a><\/div><\/div><\/div><\/div><\/div><\/div><div class=\"wdt-column\"><div class=\"wdt-content-item\"><div class=\"wdt-specification-block\"><div class=\"wdt-content-image-wrapper \"><div class=\"wdt-content-image\"><a href=\"https:\/\/swim.garant.ee\/et\/trainings\/primary\/\" target=\"_blank\" rel=\"nofollow\"><img decoding=\"async\" width=\"2560\" height=\"1707\" src=\"https:\/\/swim.garant.ee\/wp-content\/uploads\/2024\/08\/03.-Algopetus-scaled.jpg\" class=\"attachment-full size-full wp-image-2768\" alt=\"\" srcset=\"https:\/\/swim.garant.ee\/wp-content\/uploads\/2024\/08\/03.-Algopetus-scaled.jpg 2560w, https:\/\/swim.garant.ee\/wp-content\/uploads\/2024\/08\/03.-Algopetus-300x200.jpg 300w, https:\/\/swim.garant.ee\/wp-content\/uploads\/2024\/08\/03.-Algopetus-1024x683.jpg 1024w, https:\/\/swim.garant.ee\/wp-content\/uploads\/2024\/08\/03.-Algopetus-768x512.jpg 768w, https:\/\/swim.garant.ee\/wp-content\/uploads\/2024\/08\/03.-Algopetus-1536x1024.jpg 1536w, https:\/\/swim.garant.ee\/wp-content\/uploads\/2024\/08\/03.-Algopetus-2048x1365.jpg 2048w\" sizes=\"(max-width: 2560px) 100vw, 2560px\" \/><\/a><\/div><\/div><div class=\"wdt-content-detail-group\"><div class=\"wdt-content-title\"><h5><a href=\"https:\/\/swim.garant.ee\/et\/trainings\/primary\/\">Alg\u00f5pe<\/a><\/h5><\/div><div class=\"wdt-content-subtitle\">Vanus: 6 kuni 10 a.<\/div><div class=\"wdt-content-description\">Ujumise alusp\u00f5him\u00f5tteid \u00f5pitakse kasutades m\u00e4ngulisi v\u00f5tteid. Treeningud toimuvad 2-3 korda n\u00e4dalas. Baastreeningu l\u00f5puks peaksid lapsed oskama korraliku koordinatsiooniga ujuda 50m vabalt ja 50m selili.<\/div><div class=\"wdt-content-spec-group\"><div class=\"wdt-content-spec-block\">\r\n\t\t\t\t\t\t\t\t\t\t\t\t\t<div class=\"wdt-content-spec-title\"><a href=\"https:\/\/swim.garant.ee\/et\/trainings\/primary\/\">Gruppid:<\/a><\/div>\r\n\t\t\t\t\t\t\t\t\t\t\t\t\t<div class=\"wdt-content-spec-subtitle\">A<\/div><\/div><div class=\"wdt-content-spec-block\">\r\n\t\t\t\t\t\t\t\t\t\t\t\t\t<div class=\"wdt-content-spec-title\"><a href=\"https:\/\/swim.garant.ee\/et\/trainings\/primary\/\">Ujulad:<\/a><\/div>\r\n\t\t\t\t\t\t\t\t\t\t\t\t\t<div class=\"wdt-content-spec-subtitle\">Lasnam\u00e4e G\u00fcmnaasium, Laagna G\u00fcmnaasium, S\u00f5le Spordikompleks (S\u00f5le 40a), Pelgulinna G\u00fcmnaasium, Elamus SPA, J\u00e4rveotsa G\u00fcmnaasium, Inglise Kolled\u017e, Arte G\u00fcmnaasium, Viimsi Spa.<\/div><\/div><\/div><div class=\"wdt-content-button-group\"><div class=\"wdt-link-button wdt-link-button-clone\"><a href=\"https:\/\/swim.garant.ee\/et\/trainings\/primary\/\"><div class=\"wdt-button-link\"><span>Explore Now<\/span><\/div><\/a><\/div><div class=\"wdt-content-button wdt-button-clone\"><a href=\"https:\/\/swim.garant.ee\/et\/trainings\/primary\/\"><div class=\"wdt-button-text\"><span>Vaata rohkem<\/span><\/div><\/a><\/div><\/div><\/div><\/div><\/div><\/div><div class=\"wdt-column\"><div class=\"wdt-content-item\"><div class=\"wdt-specification-block\"><div class=\"wdt-content-image-wrapper \"><div class=\"wdt-content-image\"><a href=\"https:\/\/swim.garant.ee\/et\/trainings\/continuing\/\" target=\"_blank\" rel=\"nofollow\"><img loading=\"lazy\" decoding=\"async\" width=\"2560\" height=\"1708\" src=\"https:\/\/swim.garant.ee\/wp-content\/uploads\/2024\/08\/04.-Edasijoudnud-scaled.jpg\" class=\"attachment-full size-full wp-image-2771\" alt=\"\" srcset=\"https:\/\/swim.garant.ee\/wp-content\/uploads\/2024\/08\/04.-Edasijoudnud-scaled.jpg 2560w, https:\/\/swim.garant.ee\/wp-content\/uploads\/2024\/08\/04.-Edasijoudnud-300x200.jpg 300w, https:\/\/swim.garant.ee\/wp-content\/uploads\/2024\/08\/04.-Edasijoudnud-1024x683.jpg 1024w, https:\/\/swim.garant.ee\/wp-content\/uploads\/2024\/08\/04.-Edasijoudnud-768x513.jpg 768w, https:\/\/swim.garant.ee\/wp-content\/uploads\/2024\/08\/04.-Edasijoudnud-1536x1025.jpg 1536w, https:\/\/swim.garant.ee\/wp-content\/uploads\/2024\/08\/04.-Edasijoudnud-2048x1367.jpg 2048w\" sizes=\"(max-width: 2560px) 100vw, 2560px\" \/><\/a><\/div><\/div><div class=\"wdt-content-detail-group\"><div class=\"wdt-content-title\"><h5><a href=\"https:\/\/swim.garant.ee\/et\/trainings\/continuing\/\">Ujumiskool<\/a><\/h5><\/div><div class=\"wdt-content-subtitle\">Vanus: 6 kuni 18 a.<\/div><div class=\"wdt-content-description\">P\u00e4rast esmase treeningkursuse l\u00e4bimist v\u00f5ib noorsportlase edasise tee jagada 3 alaks: sport-ettevalmistusr\u00fchmad, sport-arendus- ja sportlik. Areng toimub keerukamate tehniliste harjutuste ja f\u00fc\u00fcsiliste omaduste arendamisega. Poisid hakkavad osalema klubisisesetel, riiklikel ja rahvusvahelistel v\u00f5istlustel.<\/div><div class=\"wdt-content-spec-group\"><div class=\"wdt-content-spec-block\">\r\n\t\t\t\t\t\t\t\t\t\t\t\t\t<div class=\"wdt-content-spec-title\"><a href=\"https:\/\/swim.garant.ee\/et\/trainings\/continuing\/\">Gruppid:<\/a><\/div>\r\n\t\t\t\t\t\t\t\t\t\t\t\t\t<div class=\"wdt-content-spec-subtitle\">LK, NS, MG<\/div><\/div><div class=\"wdt-content-spec-block\">\r\n\t\t\t\t\t\t\t\t\t\t\t\t\t<div class=\"wdt-content-spec-title\"><a href=\"https:\/\/swim.garant.ee\/et\/trainings\/continuing\/\">Ujulad:<\/a><\/div>\r\n\t\t\t\t\t\t\t\t\t\t\t\t\t<div class=\"wdt-content-spec-subtitle\">Lasnam\u00e4e G\u00fcmnaasium, Laagna G\u00fcmnaasium, S\u00f5le Spordikompleks, Pelgulinna G\u00fcmnaasium, Elamus SPA, Saksa G\u00fcmnaasium, J\u00e4rveotsa G\u00fcmnaasium, Inglise Kolled\u017e, Arte G\u00fcmnaasium, Viimsi Spa.<\/div><\/div><\/div><div class=\"wdt-content-button-group\"><div class=\"wdt-link-button wdt-link-button-clone\"><a href=\"https:\/\/swim.garant.ee\/et\/trainings\/continuing\/\"><div class=\"wdt-button-link\"><span>Explore Now<\/span><\/div><\/a><\/div><div class=\"wdt-content-button wdt-button-clone\"><a href=\"https:\/\/swim.garant.ee\/et\/trainings\/continuing\/\"><div class=\"wdt-button-text\"><span>Vaata rohkem<\/span><\/div><\/a><\/div><\/div><\/div><\/div><\/div><\/div><div class=\"wdt-column\"><div class=\"wdt-content-item\"><div class=\"wdt-specification-block\"><div class=\"wdt-content-image-wrapper \"><div class=\"wdt-content-image\"><a href=\"https:\/\/swim.garant.ee\/et\/trainings\/masters\/\" target=\"_blank\" rel=\"nofollow\"><img loading=\"lazy\" decoding=\"async\" width=\"2560\" height=\"1707\" src=\"https:\/\/swim.garant.ee\/wp-content\/uploads\/2024\/08\/05.-Masters-ujumine-scaled.jpg\" class=\"attachment-full size-full wp-image-2774\" alt=\"\" srcset=\"https:\/\/swim.garant.ee\/wp-content\/uploads\/2024\/08\/05.-Masters-ujumine-scaled.jpg 2560w, https:\/\/swim.garant.ee\/wp-content\/uploads\/2024\/08\/05.-Masters-ujumine-300x200.jpg 300w, https:\/\/swim.garant.ee\/wp-content\/uploads\/2024\/08\/05.-Masters-ujumine-1024x683.jpg 1024w, https:\/\/swim.garant.ee\/wp-content\/uploads\/2024\/08\/05.-Masters-ujumine-768x512.jpg 768w, https:\/\/swim.garant.ee\/wp-content\/uploads\/2024\/08\/05.-Masters-ujumine-1536x1024.jpg 1536w, https:\/\/swim.garant.ee\/wp-content\/uploads\/2024\/08\/05.-Masters-ujumine-2048x1365.jpg 2048w\" sizes=\"(max-width: 2560px) 100vw, 2560px\" \/><\/a><\/div><\/div><div class=\"wdt-content-detail-group\"><div class=\"wdt-content-title\"><h5><a href=\"https:\/\/swim.garant.ee\/et\/trainings\/masters\/\">T\u00e4iskasvanute ujumine<\/a><\/h5><\/div><div class=\"wdt-content-subtitle\">Vanus: alates 18. eluaastast<\/div><div class=\"wdt-content-description\">T\u00e4iskasvanute ujumiskursused Masters r\u00fchmades on kasulikud neile, kes soovivad \u00f5ppida \u00f5igesti ujuma ja neile, kes soovivad oma oskusi k\u00f5rgemal tasemel t\u00e4iendada. Treenerite professionaalne l\u00e4henemine, kaasaegsed tehnikad ja s\u00f5bralik \u00f5hkkond \u2013 k\u00f5ik see ootab Sind meie treeningutel.<\/div><div class=\"wdt-content-spec-group\"><div class=\"wdt-content-spec-block\">\r\n\t\t\t\t\t\t\t\t\t\t\t\t\t<div class=\"wdt-content-spec-title\"><a href=\"https:\/\/swim.garant.ee\/et\/trainings\/masters\/\">Gruppid:<\/a><\/div>\r\n\t\t\t\t\t\t\t\t\t\t\t\t\t<div class=\"wdt-content-spec-subtitle\">MG3<\/div><\/div><div class=\"wdt-content-spec-block\">\r\n\t\t\t\t\t\t\t\t\t\t\t\t\t<div class=\"wdt-content-spec-title\"><a href=\"https:\/\/swim.garant.ee\/et\/trainings\/masters\/\">Ujulad:<\/a><\/div>\r\n\t\t\t\t\t\t\t\t\t\t\t\t\t<div class=\"wdt-content-spec-subtitle\">Lasnam\u00e4e G\u00fcmnaasium, Inglise Kolled\u017e, S\u00f5le Spordikompleks<\/div><\/div><\/div><div class=\"wdt-content-button-group\"><div class=\"wdt-link-button wdt-link-button-clone\"><a href=\"https:\/\/swim.garant.ee\/et\/trainings\/masters\/\"><div class=\"wdt-button-link\"><span>Explore Now<\/span><\/div><\/a><\/div><div class=\"wdt-content-button wdt-button-clone\"><a href=\"https:\/\/swim.garant.ee\/et\/trainings\/masters\/\"><div class=\"wdt-button-text\"><span>Vaata rohkem<\/span><\/div><\/a><\/div><\/div><\/div><\/div><\/div><\/div><div class=\"wdt-column\"><div class=\"wdt-content-item\"><div class=\"wdt-specification-block\"><div class=\"wdt-content-image-wrapper \"><div class=\"wdt-content-image\"><a href=\"https:\/\/swim.garant.ee\/et\/trainings\/private\/\" target=\"_blank\" rel=\"nofollow\"><img loading=\"lazy\" decoding=\"async\" width=\"2560\" height=\"1707\" src=\"https:\/\/swim.garant.ee\/wp-content\/uploads\/2024\/08\/06.-Eratunnid-scaled.jpg\" class=\"attachment-full size-full wp-image-2777\" alt=\"\" srcset=\"https:\/\/swim.garant.ee\/wp-content\/uploads\/2024\/08\/06.-Eratunnid-scaled.jpg 2560w, https:\/\/swim.garant.ee\/wp-content\/uploads\/2024\/08\/06.-Eratunnid-300x200.jpg 300w, https:\/\/swim.garant.ee\/wp-content\/uploads\/2024\/08\/06.-Eratunnid-1024x683.jpg 1024w, https:\/\/swim.garant.ee\/wp-content\/uploads\/2024\/08\/06.-Eratunnid-768x512.jpg 768w, https:\/\/swim.garant.ee\/wp-content\/uploads\/2024\/08\/06.-Eratunnid-1536x1024.jpg 1536w, https:\/\/swim.garant.ee\/wp-content\/uploads\/2024\/08\/06.-Eratunnid-2048x1365.jpg 2048w\" sizes=\"(max-width: 2560px) 100vw, 2560px\" \/><\/a><\/div><\/div><div class=\"wdt-content-detail-group\"><div class=\"wdt-content-title\"><h5><a href=\"https:\/\/swim.garant.ee\/et\/trainings\/private\/\">Eratunnid<\/a><\/h5><\/div><div class=\"wdt-content-subtitle\">Vanus: igale vanusele<\/div><div class=\"wdt-content-description\">Meie klubil on v\u00f5imalus l\u00e4bi viia individuaaltreeninguid. Tuleb vaid \u00fchendust v\u00f5tta soovitud osakonna administraatoriga, kes annab Sulle n\u00f5u antud valdkonnas t\u00f6\u00f6tava koolitaja kohta.<\/div><div class=\"wdt-content-spec-group\"><div class=\"wdt-content-spec-block\">\r\n\t\t\t\t\t\t\t\t\t\t\t\t\t<div class=\"wdt-content-spec-title\"><a href=\"https:\/\/swim.garant.ee\/et\/trainings\/private\/\"><\/a><\/div>\r\n\t\t\t\t\t\t\t\t\t\t\t\t\t<div class=\"wdt-content-spec-subtitle\"><\/div><\/div><div class=\"wdt-content-spec-block\">\r\n\t\t\t\t\t\t\t\t\t\t\t\t\t<div class=\"wdt-content-spec-title\"><a href=\"https:\/\/swim.garant.ee\/et\/trainings\/private\/\">Ujulad:<\/a><\/div>\r\n\t\t\t\t\t\t\t\t\t\t\t\t\t<div class=\"wdt-content-spec-subtitle\">Treeningud toimuvad k\u00f5ikides Tallinna piirkondades.<\/div><\/div><\/div><div class=\"wdt-content-button-group\"><div class=\"wdt-link-button wdt-link-button-clone\"><a href=\"https:\/\/swim.garant.ee\/et\/trainings\/private\/\"><div class=\"wdt-button-link\"><span>Explore Now<\/span><\/div><\/a><\/div><div class=\"wdt-content-button wdt-button-clone\"><a href=\"https:\/\/swim.garant.ee\/et\/trainings\/private\/\"><div class=\"wdt-button-text\"><span>Vaata rohkem<\/span><\/div><\/a><\/div><\/div><\/div><\/div><\/div><\/div><\/div><\/div>\t\t<\/div>\n\t\t\t\t<\/div>\n\t\t\t\t\t<\/div>\n\t\t\t\t<\/div>\n\t\t<div class=\"elementor-element elementor-element-675af96 e-flex e-con-boxed e-con e-parent\" data-id=\"675af96\" data-element_type=\"container\" data-settings=\"{&quot;_ha_eqh_enable&quot;:false}\">\n\t\t\t\t\t<div class=\"e-con-inner\">\n\t\t\t\t<div class=\"elementor-element elementor-element-2c6b959 elementor-widget elementor-widget-image\" data-id=\"2c6b959\" data-element_type=\"widget\" data-settings=\"{&quot;wdt_animation_effect&quot;:&quot;none&quot;}\" data-widget_type=\"image.default\">\n\t\t\t\t<div class=\"elementor-widget-container\">\n\t\t\t<style>\/*! elementor - v3.23.0 - 05-08-2024 *\/\n.elementor-widget-image{text-align:center}.elementor-widget-image a{display:inline-block}.elementor-widget-image a img[src$=\".svg\"]{width:48px}.elementor-widget-image img{vertical-align:middle;display:inline-block}<\/style>\t\t\t\t\t\t\t\t\t\t\t<a href=\"https:\/\/swim.garant.ee\/wp-content\/uploads\/2024\/09\/Kaart_1500x1000_black_20.png\" data-elementor-open-lightbox=\"yes\" data-elementor-lightbox-title=\"Kaart_1500x1000_black_20\" data-e-action-hash=\"#elementor-action%3Aaction%3Dlightbox%26settings%3DeyJpZCI6NTMxMywidXJsIjoiaHR0cHM6XC9cL3N3aW0uZ2FyYW50LmVlXC93cC1jb250ZW50XC91cGxvYWRzXC8yMDI0XC8wOVwvS2FhcnRfMTUwMHgxMDAwX2JsYWNrXzIwLnBuZyJ9\">\n\t\t\t\t\t\t\t<img loading=\"lazy\" decoding=\"async\" width=\"6251\" height=\"4167\" src=\"https:\/\/swim.garant.ee\/wp-content\/uploads\/2024\/09\/Kaart_1500x1000_black_20.png\" class=\"attachment-full size-full wp-image-5313\" alt=\"\" srcset=\"https:\/\/swim.garant.ee\/wp-content\/uploads\/2024\/09\/Kaart_1500x1000_black_20.png 6251w, https:\/\/swim.garant.ee\/wp-content\/uploads\/2024\/09\/Kaart_1500x1000_black_20-300x200.png 300w, https:\/\/swim.garant.ee\/wp-content\/uploads\/2024\/09\/Kaart_1500x1000_black_20-1024x683.png 1024w, https:\/\/swim.garant.ee\/wp-content\/uploads\/2024\/09\/Kaart_1500x1000_black_20-768x512.png 768w, https:\/\/swim.garant.ee\/wp-content\/uploads\/2024\/09\/Kaart_1500x1000_black_20-1536x1024.png 1536w, https:\/\/swim.garant.ee\/wp-content\/uploads\/2024\/09\/Kaart_1500x1000_black_20-2048x1365.png 2048w\" sizes=\"(max-width: 6251px) 100vw, 6251px\" \/>\t\t\t\t\t\t\t\t<\/a>\n\t\t\t\t\t\t\t\t\t\t\t\t\t<\/div>\n\t\t\t\t<\/div>\n\t\t\t\t\t<\/div>\n\t\t\t\t<\/div>\n\t\t\t\t<\/div>\n\t\t","protected":false},"excerpt":{"rendered":"<p>TREENINGUDHetkel pakub Spordiklubi Garant ujumistunde 11 erinevates basseinides, mis katavad kogu Tallinna piirkonna, samuti Viimsi. T\u00e4psemat teavet basseinide, gruppide ja vanusegruppide kohta leiate allolevatelt linkidelt. Tunnid v\u00e4ikelastele Vanus: kuni 3.5 [&hellip;]<\/p>\n","protected":false},"author":2,"featured_media":0,"parent":0,"menu_order":0,"comment_status":"closed","ping_status":"closed","template":"","meta":{"footnotes":""},"class_list":["post-1658","page","type-page","status-publish","hentry"],"aioseo_notices":[],"_links":{"self":[{"href":"https:\/\/swim.garant.ee\/et\/wp-json\/wp\/v2\/pages\/1658"}],"collection":[{"href":"https:\/\/swim.garant.ee\/et\/wp-json\/wp\/v2\/pages"}],"about":[{"href":"https:\/\/swim.garant.ee\/et\/wp-json\/wp\/v2\/types\/page"}],"author":[{"embeddable":true,"href":"https:\/\/swim.garant.ee\/et\/wp-json\/wp\/v2\/users\/2"}],"replies":[{"embeddable":true,"href":"https:\/\/swim.garant.ee\/et\/wp-json\/wp\/v2\/comments?post=1658"}],"version-history":[{"count":89,"href":"https:\/\/swim.garant.ee\/et\/wp-json\/wp\/v2\/pages\/1658\/revisions"}],"predecessor-version":[{"id":5322,"href":"https:\/\/swim.garant.ee\/et\/wp-json\/wp\/v2\/pages\/1658\/revisions\/5322"}],"wp:attachment":[{"href":"https:\/\/swim.garant.ee\/et\/wp-json\/wp\/v2\/media?parent=1658"}],"curies":[{"name":"wp","href":"https:\/\/api.w.org\/{rel}","templated":true}]}}