{"id":2471,"date":"2024-08-15T08:16:48","date_gmt":"2024-08-15T08:16:48","guid":{"rendered":"https:\/\/swim.garant.ee\/club-uniform\/"},"modified":"2025-07-31T12:28:43","modified_gmt":"2025-07-31T12:28:43","slug":"club-uniform","status":"publish","type":"page","link":"https:\/\/swim.garant.ee\/et\/club-uniform\/","title":{"rendered":"Klubivorm"},"content":{"rendered":"\t\t<div data-elementor-type=\"wp-page\" data-elementor-id=\"2471\" class=\"elementor elementor-2471 elementor-2466\" data-elementor-post-type=\"page\">\n\t\t\t\t<div class=\"elementor-element elementor-element-d78b7c1 general_rules_page e-flex e-con-boxed e-con e-parent\" data-id=\"d78b7c1\" data-element_type=\"container\" data-settings=\"{&quot;_ha_eqh_enable&quot;:false}\">\n\t\t\t\t\t<div class=\"e-con-inner\">\n\t\t\t\t<div class=\"elementor-element elementor-element-59c5a79 elementor-widget-tablet__width-inherit elementor-widget elementor-widget-wdt-heading\" data-id=\"59c5a79\" data-element_type=\"widget\" data-settings=\"{&quot;separator_background_background&quot;:&quot;classic&quot;,&quot;separator_background_color&quot;:&quot;#FFFFFF&quot;,&quot;wdt_animation_effect&quot;:&quot;none&quot;}\" data-widget_type=\"wdt-heading.default\">\n\t\t\t\t<div class=\"elementor-widget-container\">\n\t\t\t<div class=\"wdt-heading-holder \" id=\"wdt-heading-59c5a79\"><div class=\"wdt-heading-title-wrapper wdt-heading-align- wdt-heading-deco-wrapper\"><span class=\"wdt-heading-title\"><span class=\"wdt-heading-colored-elements\">Klubivorm<\/span><\/span><\/div><div class=\"wdt-heading-content-wrapper\">Klubivormi saab tellida oma treeneri kaudu. K\u00f5ik suurused jagunevad laste ja t\u00e4iskasvanute suurusteks. (Suuruste tabel allpool)<\/div><\/div>\t\t<\/div>\n\t\t\t\t<\/div>\n\t\t<div class=\"elementor-element elementor-element-7df4a5e e-con-full e-flex e-con e-child\" data-id=\"7df4a5e\" data-element_type=\"container\" data-settings=\"{&quot;_ha_eqh_enable&quot;:false}\">\n\t\t\t\t<div class=\"elementor-element elementor-element-71d986a elementor-widget elementor-widget-text-editor\" data-id=\"71d986a\" data-element_type=\"widget\" data-settings=\"{&quot;wdt_animation_effect&quot;:&quot;none&quot;}\" data-widget_type=\"text-editor.default\">\n\t\t\t\t<div class=\"elementor-widget-container\">\n\t\t\t<style>\/*! elementor - v3.23.0 - 05-08-2024 *\/\n.elementor-widget-text-editor.elementor-drop-cap-view-stacked .elementor-drop-cap{background-color:#69727d;color:#fff}.elementor-widget-text-editor.elementor-drop-cap-view-framed .elementor-drop-cap{color:#69727d;border:3px solid;background-color:transparent}.elementor-widget-text-editor:not(.elementor-drop-cap-view-default) .elementor-drop-cap{margin-top:8px}.elementor-widget-text-editor:not(.elementor-drop-cap-view-default) .elementor-drop-cap-letter{width:1em;height:1em}.elementor-widget-text-editor .elementor-drop-cap{float:left;text-align:center;line-height:1;font-size:50px}.elementor-widget-text-editor .elementor-drop-cap-letter{display:inline-block}<\/style>\t\t\t\t<h4><strong>T-s\u00e4rk<\/strong><\/h4>\n<strong>Hind: 27 eurot<\/strong>\t\t\t\t\t\t<\/div>\n\t\t\t\t<\/div>\n\t\t\t\t<div class=\"elementor-element elementor-element-cb586b8 elementor-widget elementor-widget-image\" data-id=\"cb586b8\" data-element_type=\"widget\" data-settings=\"{&quot;wdt_animation_effect&quot;:&quot;none&quot;}\" data-widget_type=\"image.default\">\n\t\t\t\t<div class=\"elementor-widget-container\">\n\t\t\t<style>\/*! elementor - v3.23.0 - 05-08-2024 *\/\n.elementor-widget-image{text-align:center}.elementor-widget-image a{display:inline-block}.elementor-widget-image a img[src$=\".svg\"]{width:48px}.elementor-widget-image img{vertical-align:middle;display:inline-block}<\/style>\t\t\t\t\t\t\t\t\t\t\t<a href=\"https:\/\/swim.garant.ee\/wp-content\/uploads\/2025\/07\/futbolka.png\" data-elementor-open-lightbox=\"yes\" data-elementor-lightbox-title=\"futbolka.png\" data-e-action-hash=\"#elementor-action%3Aaction%3Dlightbox%26settings%3DeyJpZCI6NTYzMCwidXJsIjoiaHR0cHM6XC9cL3N3aW0uZ2FyYW50LmVlXC93cC1jb250ZW50XC91cGxvYWRzXC8yMDI1XC8wN1wvZnV0Ym9sa2EucG5nIn0%3D\">\n\t\t\t\t\t\t\t<img fetchpriority=\"high\" decoding=\"async\" width=\"660\" height=\"660\" src=\"https:\/\/swim.garant.ee\/wp-content\/uploads\/2025\/07\/futbolka.png\" class=\"attachment-full size-full wp-image-5630\" alt=\"\" srcset=\"https:\/\/swim.garant.ee\/wp-content\/uploads\/2025\/07\/futbolka.png 660w, https:\/\/swim.garant.ee\/wp-content\/uploads\/2025\/07\/futbolka-300x300.png 300w, https:\/\/swim.garant.ee\/wp-content\/uploads\/2025\/07\/futbolka-150x150.png 150w\" sizes=\"(max-width: 660px) 100vw, 660px\" \/>\t\t\t\t\t\t\t\t<\/a>\n\t\t\t\t\t\t\t\t\t\t\t\t\t<\/div>\n\t\t\t\t<\/div>\n\t\t\t\t<\/div>\n\t\t<div class=\"elementor-element elementor-element-63c55cd e-con-full e-flex e-con e-child\" data-id=\"63c55cd\" data-element_type=\"container\" data-settings=\"{&quot;_ha_eqh_enable&quot;:false}\">\n\t\t\t\t<div class=\"elementor-element elementor-element-a5582cd elementor-widget elementor-widget-text-editor\" data-id=\"a5582cd\" data-element_type=\"widget\" data-settings=\"{&quot;wdt_animation_effect&quot;:&quot;none&quot;}\" data-widget_type=\"text-editor.default\">\n\t\t\t\t<div class=\"elementor-widget-container\">\n\t\t\t\t\t\t\t<h4><strong>L\u00fchikesed p\u00fcksid<\/strong><\/h4>\n<strong>Hind: 22 eurot<\/strong>\t\t\t\t\t\t<\/div>\n\t\t\t\t<\/div>\n\t\t\t\t<div class=\"elementor-element elementor-element-b30db4e elementor-widget elementor-widget-image\" data-id=\"b30db4e\" data-element_type=\"widget\" data-settings=\"{&quot;wdt_animation_effect&quot;:&quot;none&quot;}\" data-widget_type=\"image.default\">\n\t\t\t\t<div class=\"elementor-widget-container\">\n\t\t\t\t\t\t\t\t\t\t\t\t\t\t<a href=\"https:\/\/swim.garant.ee\/wp-content\/uploads\/2025\/07\/shortq.png\" data-elementor-open-lightbox=\"yes\" data-elementor-lightbox-title=\"shortq.png\" data-e-action-hash=\"#elementor-action%3Aaction%3Dlightbox%26settings%3DeyJpZCI6NTYzMiwidXJsIjoiaHR0cHM6XC9cL3N3aW0uZ2FyYW50LmVlXC93cC1jb250ZW50XC91cGxvYWRzXC8yMDI1XC8wN1wvc2hvcnRxLnBuZyJ9\">\n\t\t\t\t\t\t\t<img decoding=\"async\" width=\"650\" height=\"660\" src=\"https:\/\/swim.garant.ee\/wp-content\/uploads\/2025\/07\/shortq.png\" class=\"attachment-full size-full wp-image-5632\" alt=\"\" srcset=\"https:\/\/swim.garant.ee\/wp-content\/uploads\/2025\/07\/shortq.png 650w, https:\/\/swim.garant.ee\/wp-content\/uploads\/2025\/07\/shortq-295x300.png 295w\" sizes=\"(max-width: 650px) 100vw, 650px\" \/>\t\t\t\t\t\t\t\t<\/a>\n\t\t\t\t\t\t\t\t\t\t\t\t\t<\/div>\n\t\t\t\t<\/div>\n\t\t\t\t<\/div>\n\t\t<div class=\"elementor-element elementor-element-6ac3e4f e-con-full e-flex e-con e-child\" data-id=\"6ac3e4f\" data-element_type=\"container\" data-settings=\"{&quot;_ha_eqh_enable&quot;:false}\">\n\t\t\t\t<div class=\"elementor-element elementor-element-36a22bd elementor-widget-tablet_extra__width-initial elementor-widget elementor-widget-text-editor\" data-id=\"36a22bd\" data-element_type=\"widget\" data-settings=\"{&quot;wdt_animation_effect&quot;:&quot;none&quot;}\" data-widget_type=\"text-editor.default\">\n\t\t\t\t<div class=\"elementor-widget-container\">\n\t\t\t\t\t\t\t<h4><strong>Dressipluus kapuutsiga (must)<\/strong><\/h4>\n<strong>Hind t\u00e4iskasvanute suurusele: 55 eurot<\/strong>\n<strong>Hind laste suurusele: 45 eurot<\/strong>\t\t\t\t\t\t<\/div>\n\t\t\t\t<\/div>\n\t\t\t\t<div class=\"elementor-element elementor-element-462d023 elementor-widget elementor-widget-image\" data-id=\"462d023\" data-element_type=\"widget\" data-settings=\"{&quot;wdt_animation_effect&quot;:&quot;none&quot;}\" data-widget_type=\"image.default\">\n\t\t\t\t<div class=\"elementor-widget-container\">\n\t\t\t\t\t\t\t\t\t\t\t\t\t\t<a href=\"https:\/\/swim.garant.ee\/wp-content\/uploads\/2025\/07\/kofta.png\" data-elementor-open-lightbox=\"yes\" data-elementor-lightbox-title=\"kofta.png\" data-e-action-hash=\"#elementor-action%3Aaction%3Dlightbox%26settings%3DeyJpZCI6NTYzNCwidXJsIjoiaHR0cHM6XC9cL3N3aW0uZ2FyYW50LmVlXC93cC1jb250ZW50XC91cGxvYWRzXC8yMDI1XC8wN1wva29mdGEucG5nIn0%3D\">\n\t\t\t\t\t\t\t<img decoding=\"async\" width=\"660\" height=\"660\" src=\"https:\/\/swim.garant.ee\/wp-content\/uploads\/2025\/07\/kofta.png\" class=\"attachment-full size-full wp-image-5634\" alt=\"\" srcset=\"https:\/\/swim.garant.ee\/wp-content\/uploads\/2025\/07\/kofta.png 660w, https:\/\/swim.garant.ee\/wp-content\/uploads\/2025\/07\/kofta-300x300.png 300w, https:\/\/swim.garant.ee\/wp-content\/uploads\/2025\/07\/kofta-150x150.png 150w\" sizes=\"(max-width: 660px) 100vw, 660px\" \/>\t\t\t\t\t\t\t\t<\/a>\n\t\t\t\t\t\t\t\t\t\t\t\t\t<\/div>\n\t\t\t\t<\/div>\n\t\t\t\t<div class=\"elementor-element elementor-element-0a0e6af elementor-widget elementor-widget-image\" data-id=\"0a0e6af\" data-element_type=\"widget\" data-settings=\"{&quot;wdt_animation_effect&quot;:&quot;none&quot;}\" data-widget_type=\"image.default\">\n\t\t\t\t<div class=\"elementor-widget-container\">\n\t\t\t\t\t\t\t\t\t\t\t\t\t\t<a href=\"https:\/\/swim.garant.ee\/wp-content\/uploads\/2025\/07\/\u041a\u043e\u0444\u0442\u0430.png\" data-elementor-open-lightbox=\"yes\" data-elementor-lightbox-title=\"\u041a\u043e\u0444\u0442\u0430.png\" data-e-action-hash=\"#elementor-action%3Aaction%3Dlightbox%26settings%3DeyJpZCI6NTYzNiwidXJsIjoiaHR0cHM6XC9cL3N3aW0uZ2FyYW50LmVlXC93cC1jb250ZW50XC91cGxvYWRzXC8yMDI1XC8wN1wvXHUwNDFhXHUwNDNlXHUwNDQ0XHUwNDQyXHUwNDMwLnBuZyJ9\">\n\t\t\t\t\t\t\t<img loading=\"lazy\" decoding=\"async\" width=\"660\" height=\"660\" src=\"https:\/\/swim.garant.ee\/wp-content\/uploads\/2025\/07\/\u041a\u043e\u0444\u0442\u0430.png\" class=\"attachment-full size-full wp-image-5636\" alt=\"\" srcset=\"https:\/\/swim.garant.ee\/wp-content\/uploads\/2025\/07\/\u041a\u043e\u0444\u0442\u0430.png 660w, https:\/\/swim.garant.ee\/wp-content\/uploads\/2025\/07\/\u041a\u043e\u0444\u0442\u0430-300x300.png 300w, https:\/\/swim.garant.ee\/wp-content\/uploads\/2025\/07\/\u041a\u043e\u0444\u0442\u0430-150x150.png 150w\" sizes=\"(max-width: 660px) 100vw, 660px\" \/>\t\t\t\t\t\t\t\t<\/a>\n\t\t\t\t\t\t\t\t\t\t\t\t\t<\/div>\n\t\t\t\t<\/div>\n\t\t\t\t<\/div>\n\t\t<div class=\"elementor-element elementor-element-ee6e2f4 e-con-full e-flex e-con e-child\" data-id=\"ee6e2f4\" data-element_type=\"container\" data-settings=\"{&quot;_ha_eqh_enable&quot;:false}\">\n\t\t<div class=\"elementor-element elementor-element-e19b060 e-con-full e-flex e-con e-child\" data-id=\"e19b060\" data-element_type=\"container\" data-settings=\"{&quot;_ha_eqh_enable&quot;:false}\">\n\t\t\t\t<div class=\"elementor-element elementor-element-89c5bd0 elementor-widget-tablet_extra__width-initial elementor-widget elementor-widget-text-editor\" data-id=\"89c5bd0\" data-element_type=\"widget\" data-settings=\"{&quot;wdt_animation_effect&quot;:&quot;none&quot;}\" data-widget_type=\"text-editor.default\">\n\t\t\t\t<div class=\"elementor-widget-container\">\n\t\t\t\t\t\t\t<h4><strong>Dressipluus kapuutsiga (kollane)<\/strong><\/h4><p><strong>Hind t\u00e4iskasvanute suurusele: 50 eurot<\/strong><br \/><strong>Hind laste suurusele: 45 eurot<\/strong><\/p>\t\t\t\t\t\t<\/div>\n\t\t\t\t<\/div>\n\t\t\t\t<\/div>\n\t\t\t\t<\/div>\n\t\t<div class=\"elementor-element elementor-element-71f4983 e-con-full e-flex e-con e-child\" data-id=\"71f4983\" data-element_type=\"container\" data-settings=\"{&quot;_ha_eqh_enable&quot;:false}\">\n\t\t<div class=\"elementor-element elementor-element-c664c07 e-con-full e-flex e-con e-child\" data-id=\"c664c07\" data-element_type=\"container\" data-settings=\"{&quot;_ha_eqh_enable&quot;:false}\">\n\t\t\t\t<div class=\"elementor-element elementor-element-98cab85 elementor-widget-tablet_extra__width-initial elementor-widget elementor-widget-text-editor\" data-id=\"98cab85\" data-element_type=\"widget\" data-settings=\"{&quot;wdt_animation_effect&quot;:&quot;none&quot;}\" data-widget_type=\"text-editor.default\">\n\t\t\t\t<div class=\"elementor-widget-container\">\n\t\t\t\t\t\t\t<h4><strong>Dressipluus kapuutsita (must)<\/strong><\/h4><p><strong>Hind t\u00e4iskasvanute suurusele: 45 eurot<\/strong><br \/><strong>Hind laste suurusele: 40 eurot<\/strong><\/p>\t\t\t\t\t\t<\/div>\n\t\t\t\t<\/div>\n\t\t\t\t<\/div>\n\t\t\t\t<\/div>\n\t\t<div class=\"elementor-element elementor-element-45e0763 e-con-full e-flex e-con e-child\" data-id=\"45e0763\" data-element_type=\"container\" data-settings=\"{&quot;_ha_eqh_enable&quot;:false}\">\n\t\t<div class=\"elementor-element elementor-element-0ecccfa e-con-full e-flex e-con e-child\" data-id=\"0ecccfa\" data-element_type=\"container\" data-settings=\"{&quot;_ha_eqh_enable&quot;:false}\">\n\t\t\t\t<div class=\"elementor-element elementor-element-31984af elementor-widget-tablet_extra__width-initial elementor-widget elementor-widget-text-editor\" data-id=\"31984af\" data-element_type=\"widget\" data-settings=\"{&quot;wdt_animation_effect&quot;:&quot;none&quot;}\" data-widget_type=\"text-editor.default\">\n\t\t\t\t<div class=\"elementor-widget-container\">\n\t\t\t\t\t\t\t<h4><strong>Dressipluus kapuutsita (kollane)<\/strong><\/h4>\n<strong>Hind t\u00e4iskasvanute suurusele: 45 eurot<\/strong>\n<strong>Hind laste suurusele: 40 eurot<\/strong>\t\t\t\t\t\t<\/div>\n\t\t\t\t<\/div>\n\t\t\t\t<\/div>\n\t\t\t\t<\/div>\n\t\t<div class=\"elementor-element elementor-element-a682973 e-con-full e-flex e-con e-child\" data-id=\"a682973\" data-element_type=\"container\" data-settings=\"{&quot;_ha_eqh_enable&quot;:false}\">\n\t\t\t\t<div class=\"elementor-element elementor-element-0b80073 elementor-widget-tablet_extra__width-initial elementor-widget elementor-widget-text-editor\" data-id=\"0b80073\" data-element_type=\"widget\" data-settings=\"{&quot;wdt_animation_effect&quot;:&quot;none&quot;}\" data-widget_type=\"text-editor.default\">\n\t\t\t\t<div class=\"elementor-widget-container\">\n\t\t\t\t\t\t\t<h4><strong>P\u00fcksid<\/strong><\/h4>\n<strong>Hind t\u00e4iskasvanute suurusele: 45 eurot<\/strong>\n<strong>Hind laste suurusele: 40 eurot<\/strong>\t\t\t\t\t\t<\/div>\n\t\t\t\t<\/div>\n\t\t\t\t<div class=\"elementor-element elementor-element-f74fb8b elementor-widget elementor-widget-image\" data-id=\"f74fb8b\" data-element_type=\"widget\" data-settings=\"{&quot;wdt_animation_effect&quot;:&quot;none&quot;}\" data-widget_type=\"image.default\">\n\t\t\t\t<div class=\"elementor-widget-container\">\n\t\t\t\t\t\t\t\t\t\t\t\t\t\t<a href=\"https:\/\/swim.garant.ee\/wp-content\/uploads\/2025\/07\/shtanq.png\" data-elementor-open-lightbox=\"yes\" data-elementor-lightbox-title=\"shtanq.png\" data-e-action-hash=\"#elementor-action%3Aaction%3Dlightbox%26settings%3DeyJpZCI6NTYzOCwidXJsIjoiaHR0cHM6XC9cL3N3aW0uZ2FyYW50LmVlXC93cC1jb250ZW50XC91cGxvYWRzXC8yMDI1XC8wN1wvc2h0YW5xLnBuZyJ9\">\n\t\t\t\t\t\t\t<img loading=\"lazy\" decoding=\"async\" width=\"660\" height=\"660\" src=\"https:\/\/swim.garant.ee\/wp-content\/uploads\/2025\/07\/shtanq.png\" class=\"attachment-full size-full wp-image-5638\" alt=\"\" srcset=\"https:\/\/swim.garant.ee\/wp-content\/uploads\/2025\/07\/shtanq.png 660w, https:\/\/swim.garant.ee\/wp-content\/uploads\/2025\/07\/shtanq-300x300.png 300w, https:\/\/swim.garant.ee\/wp-content\/uploads\/2025\/07\/shtanq-150x150.png 150w\" sizes=\"(max-width: 660px) 100vw, 660px\" \/>\t\t\t\t\t\t\t\t<\/a>\n\t\t\t\t\t\t\t\t\t\t\t\t\t<\/div>\n\t\t\t\t<\/div>\n\t\t\t\t<div class=\"elementor-element elementor-element-dc9eac4 elementor-widget elementor-widget-image\" data-id=\"dc9eac4\" data-element_type=\"widget\" data-settings=\"{&quot;wdt_animation_effect&quot;:&quot;none&quot;}\" data-widget_type=\"image.default\">\n\t\t\t\t<div class=\"elementor-widget-container\">\n\t\t\t\t\t\t\t\t\t\t\t\t\t\t<a href=\"https:\/\/swim.garant.ee\/wp-content\/uploads\/2025\/07\/\u0428\u0442\u0430\u043d\u044b.png\" data-elementor-open-lightbox=\"yes\" data-elementor-lightbox-title=\"\u0428\u0442\u0430\u043d\u044b.png\" data-e-action-hash=\"#elementor-action%3Aaction%3Dlightbox%26settings%3DeyJpZCI6NTY0MCwidXJsIjoiaHR0cHM6XC9cL3N3aW0uZ2FyYW50LmVlXC93cC1jb250ZW50XC91cGxvYWRzXC8yMDI1XC8wN1wvXHUwNDI4XHUwNDQyXHUwNDMwXHUwNDNkXHUwNDRiLnBuZyJ9\">\n\t\t\t\t\t\t\t<img loading=\"lazy\" decoding=\"async\" width=\"660\" height=\"660\" src=\"https:\/\/swim.garant.ee\/wp-content\/uploads\/2025\/07\/\u0428\u0442\u0430\u043d\u044b.png\" class=\"attachment-full size-full wp-image-5640\" alt=\"\" srcset=\"https:\/\/swim.garant.ee\/wp-content\/uploads\/2025\/07\/\u0428\u0442\u0430\u043d\u044b.png 660w, https:\/\/swim.garant.ee\/wp-content\/uploads\/2025\/07\/\u0428\u0442\u0430\u043d\u044b-300x300.png 300w, https:\/\/swim.garant.ee\/wp-content\/uploads\/2025\/07\/\u0428\u0442\u0430\u043d\u044b-150x150.png 150w\" sizes=\"(max-width: 660px) 100vw, 660px\" \/>\t\t\t\t\t\t\t\t<\/a>\n\t\t\t\t\t\t\t\t\t\t\t\t\t<\/div>\n\t\t\t\t<\/div>\n\t\t\t\t<\/div>\n\t\t<div class=\"elementor-element elementor-element-dca8cde e-con-full e-flex e-con e-child\" data-id=\"dca8cde\" data-element_type=\"container\" data-settings=\"{&quot;_ha_eqh_enable&quot;:false}\">\n\t\t\t\t<div class=\"elementor-element elementor-element-ffa3f9f elementor-widget-tablet_extra__width-initial elementor-widget elementor-widget-text-editor\" data-id=\"ffa3f9f\" data-element_type=\"widget\" data-settings=\"{&quot;wdt_animation_effect&quot;:&quot;none&quot;}\" data-widget_type=\"text-editor.default\">\n\t\t\t\t<div class=\"elementor-widget-container\">\n\t\t\t\t\t\t\t<h4>Kluvim\u00fcts<\/h4>\n<strong>Hind: 10 eurot<\/strong>\t\t\t\t\t\t<\/div>\n\t\t\t\t<\/div>\n\t\t\t\t<div class=\"elementor-element elementor-element-417ea4c elementor-widget elementor-widget-image\" data-id=\"417ea4c\" data-element_type=\"widget\" data-settings=\"{&quot;wdt_animation_effect&quot;:&quot;none&quot;}\" data-widget_type=\"image.default\">\n\t\t\t\t<div class=\"elementor-widget-container\">\n\t\t\t\t\t\t\t\t\t\t\t\t\t\t<a href=\"https:\/\/swim.garant.ee\/wp-content\/uploads\/2025\/07\/mutsz.png\" data-elementor-open-lightbox=\"yes\" data-elementor-lightbox-title=\"mutsz.png\" data-e-action-hash=\"#elementor-action%3Aaction%3Dlightbox%26settings%3DeyJpZCI6NTY0MiwidXJsIjoiaHR0cHM6XC9cL3N3aW0uZ2FyYW50LmVlXC93cC1jb250ZW50XC91cGxvYWRzXC8yMDI1XC8wN1wvbXV0c3oucG5nIn0%3D\">\n\t\t\t\t\t\t\t<img loading=\"lazy\" decoding=\"async\" width=\"660\" height=\"464\" src=\"https:\/\/swim.garant.ee\/wp-content\/uploads\/2025\/07\/mutsz.png\" class=\"attachment-full size-full wp-image-5642\" alt=\"\" srcset=\"https:\/\/swim.garant.ee\/wp-content\/uploads\/2025\/07\/mutsz.png 660w, https:\/\/swim.garant.ee\/wp-content\/uploads\/2025\/07\/mutsz-300x211.png 300w\" sizes=\"(max-width: 660px) 100vw, 660px\" \/>\t\t\t\t\t\t\t\t<\/a>\n\t\t\t\t\t\t\t\t\t\t\t\t\t<\/div>\n\t\t\t\t<\/div>\n\t\t\t\t<div class=\"elementor-element elementor-element-fadf5e8 elementor-widget elementor-widget-image\" data-id=\"fadf5e8\" data-element_type=\"widget\" data-settings=\"{&quot;wdt_animation_effect&quot;:&quot;none&quot;}\" data-widget_type=\"image.default\">\n\t\t\t\t<div class=\"elementor-widget-container\">\n\t\t\t\t\t\t\t\t\t\t\t\t\t\t<a href=\"https:\/\/swim.garant.ee\/wp-content\/uploads\/2025\/07\/mutsb.png\" data-elementor-open-lightbox=\"yes\" data-elementor-lightbox-title=\"mutsb.png\" data-e-action-hash=\"#elementor-action%3Aaction%3Dlightbox%26settings%3DeyJpZCI6NTY0NCwidXJsIjoiaHR0cHM6XC9cL3N3aW0uZ2FyYW50LmVlXC93cC1jb250ZW50XC91cGxvYWRzXC8yMDI1XC8wN1wvbXV0c2IucG5nIn0%3D\">\n\t\t\t\t\t\t\t<img loading=\"lazy\" decoding=\"async\" width=\"660\" height=\"462\" src=\"https:\/\/swim.garant.ee\/wp-content\/uploads\/2025\/07\/mutsb.png\" class=\"attachment-full size-full wp-image-5644\" alt=\"\" srcset=\"https:\/\/swim.garant.ee\/wp-content\/uploads\/2025\/07\/mutsb.png 660w, https:\/\/swim.garant.ee\/wp-content\/uploads\/2025\/07\/mutsb-300x210.png 300w\" sizes=\"(max-width: 660px) 100vw, 660px\" \/>\t\t\t\t\t\t\t\t<\/a>\n\t\t\t\t\t\t\t\t\t\t\t\t\t<\/div>\n\t\t\t\t<\/div>\n\t\t\t\t<\/div>\n\t\t<div class=\"elementor-element elementor-element-023a797 e-con-full e-flex e-con e-child\" data-id=\"023a797\" data-element_type=\"container\" data-settings=\"{&quot;_ha_eqh_enable&quot;:false}\">\n\t\t\t\t<div class=\"elementor-element elementor-element-8706f4f elementor-widget elementor-widget-text-editor\" data-id=\"8706f4f\" data-element_type=\"widget\" data-settings=\"{&quot;wdt_animation_effect&quot;:&quot;none&quot;}\" data-widget_type=\"text-editor.default\">\n\t\t\t\t<div class=\"elementor-widget-container\">\n\t\t\t\t\t\t\t<h4>Suuruste tabel:<\/h4>\t\t\t\t\t\t<\/div>\n\t\t\t\t<\/div>\n\t\t\t\t<\/div>\n\t\t\t\t\t<\/div>\n\t\t\t\t<\/div>\n\t\t<div class=\"elementor-element elementor-element-2a85b53 e-flex e-con-boxed e-con e-parent\" data-id=\"2a85b53\" data-element_type=\"container\" data-settings=\"{&quot;_ha_eqh_enable&quot;:false}\">\n\t\t\t\t\t<div class=\"e-con-inner\">\n\t\t\t\t<div class=\"elementor-element elementor-element-431b50b elementor-widget elementor-widget-image\" data-id=\"431b50b\" data-element_type=\"widget\" data-settings=\"{&quot;wdt_animation_effect&quot;:&quot;none&quot;}\" data-widget_type=\"image.default\">\n\t\t\t\t<div class=\"elementor-widget-container\">\n\t\t\t\t\t\t\t\t\t\t\t\t\t\t<a href=\"https:\/\/swim.garant.ee\/wp-content\/uploads\/2025\/07\/razmerq-sait-2.png\" data-elementor-open-lightbox=\"yes\" data-elementor-lightbox-title=\"razmerq-sait-2.png\" data-e-action-hash=\"#elementor-action%3Aaction%3Dlightbox%26settings%3DeyJpZCI6NTY0NiwidXJsIjoiaHR0cHM6XC9cL3N3aW0uZ2FyYW50LmVlXC93cC1jb250ZW50XC91cGxvYWRzXC8yMDI1XC8wN1wvcmF6bWVycS1zYWl0LTIucG5nIn0%3D\">\n\t\t\t\t\t\t\t<img loading=\"lazy\" decoding=\"async\" width=\"1024\" height=\"547\" src=\"https:\/\/swim.garant.ee\/wp-content\/uploads\/2025\/07\/razmerq-sait-2-1024x547.png\" class=\"attachment-large size-large wp-image-5646\" alt=\"\" srcset=\"https:\/\/swim.garant.ee\/wp-content\/uploads\/2025\/07\/razmerq-sait-2-1024x547.png 1024w, https:\/\/swim.garant.ee\/wp-content\/uploads\/2025\/07\/razmerq-sait-2-300x160.png 300w, https:\/\/swim.garant.ee\/wp-content\/uploads\/2025\/07\/razmerq-sait-2-768x411.png 768w, https:\/\/swim.garant.ee\/wp-content\/uploads\/2025\/07\/razmerq-sait-2.png 1358w\" sizes=\"(max-width: 1024px) 100vw, 1024px\" \/>\t\t\t\t\t\t\t\t<\/a>\n\t\t\t\t\t\t\t\t\t\t\t\t\t<\/div>\n\t\t\t\t<\/div>\n\t\t\t\t\t<\/div>\n\t\t\t\t<\/div>\n\t\t\t\t<\/div>\n\t\t","protected":false},"excerpt":{"rendered":"<p>KlubivormKlubivormi saab tellida oma treeneri kaudu. K\u00f5ik suurused jagunevad laste ja t\u00e4iskasvanute suurusteks. (Suuruste tabel allpool) T-s\u00e4rk Hind: 27 eurot L\u00fchikesed p\u00fcksid Hind: 22 eurot Dressipluus kapuutsiga (must) Hind t\u00e4iskasvanute [&hellip;]<\/p>\n","protected":false},"author":2,"featured_media":0,"parent":0,"menu_order":0,"comment_status":"closed","ping_status":"closed","template":"","meta":{"footnotes":""},"class_list":["post-2471","page","type-page","status-publish","hentry"],"aioseo_notices":[],"_links":{"self":[{"href":"https:\/\/swim.garant.ee\/et\/wp-json\/wp\/v2\/pages\/2471"}],"collection":[{"href":"https:\/\/swim.garant.ee\/et\/wp-json\/wp\/v2\/pages"}],"about":[{"href":"https:\/\/swim.garant.ee\/et\/wp-json\/wp\/v2\/types\/page"}],"author":[{"embeddable":true,"href":"https:\/\/swim.garant.ee\/et\/wp-json\/wp\/v2\/users\/2"}],"replies":[{"embeddable":true,"href":"https:\/\/swim.garant.ee\/et\/wp-json\/wp\/v2\/comments?post=2471"}],"version-history":[{"count":7,"href":"https:\/\/swim.garant.ee\/et\/wp-json\/wp\/v2\/pages\/2471\/revisions"}],"predecessor-version":[{"id":5650,"href":"https:\/\/swim.garant.ee\/et\/wp-json\/wp\/v2\/pages\/2471\/revisions\/5650"}],"wp:attachment":[{"href":"https:\/\/swim.garant.ee\/et\/wp-json\/wp\/v2\/media?parent=2471"}],"curies":[{"name":"wp","href":"https:\/\/api.w.org\/{rel}","templated":true}]}}