{"id":2561,"date":"2024-07-31T13:49:46","date_gmt":"2024-07-31T13:49:46","guid":{"rendered":"https:\/\/swim.garant.ee\/?page_id=2561"},"modified":"2024-08-26T13:18:43","modified_gmt":"2024-08-26T13:18:43","slug":"register","status":"publish","type":"page","link":"https:\/\/swim.garant.ee\/et\/register\/","title":{"rendered":"Registreerimine"},"content":{"rendered":"\t\t<div data-elementor-type=\"wp-page\" data-elementor-id=\"2561\" class=\"elementor elementor-2561 elementor-919\" data-elementor-post-type=\"page\">\n\t\t\t\t<div class=\"elementor-element elementor-element-75728db e-con-full e-flex e-con e-child\" data-id=\"75728db\" data-element_type=\"container\" data-settings=\"{&quot;_ha_eqh_enable&quot;:false}\">\n\t\t\t\t<div class=\"elementor-element elementor-element-9702bce elementor-widget-tablet__width-inherit elementor-widget elementor-widget-wdt-heading\" data-id=\"9702bce\" data-element_type=\"widget\" data-settings=\"{&quot;separator_background_background&quot;:&quot;classic&quot;,&quot;separator_background_color&quot;:&quot;#FFFFFF&quot;,&quot;wdt_animation_effect&quot;:&quot;none&quot;}\" data-widget_type=\"wdt-heading.default\">\n\t\t\t\t<div class=\"elementor-widget-container\">\n\t\t\t<div class=\"wdt-heading-holder \" id=\"wdt-heading-9702bce\"><h1 class=\"wdt-heading-title-wrapper wdt-heading-align- wdt-heading-deco-wrapper\"><span class=\"wdt-heading-title\"><span class=\"wdt-heading-colored-elements\">Registreerimine<\/span><\/span><\/h1><\/div>\t\t<\/div>\n\t\t\t\t<\/div>\n\t\t\t\t<div class=\"elementor-element elementor-element-7abbff3 elementor-widget elementor-widget-text-editor\" data-id=\"7abbff3\" data-element_type=\"widget\" data-settings=\"{&quot;wdt_animation_effect&quot;:&quot;none&quot;}\" data-widget_type=\"text-editor.default\">\n\t\t\t\t<div class=\"elementor-widget-container\">\n\t\t\t<style>\/*! elementor - v3.23.0 - 05-08-2024 *\/\n.elementor-widget-text-editor.elementor-drop-cap-view-stacked .elementor-drop-cap{background-color:#69727d;color:#fff}.elementor-widget-text-editor.elementor-drop-cap-view-framed .elementor-drop-cap{color:#69727d;border:3px solid;background-color:transparent}.elementor-widget-text-editor:not(.elementor-drop-cap-view-default) .elementor-drop-cap{margin-top:8px}.elementor-widget-text-editor:not(.elementor-drop-cap-view-default) .elementor-drop-cap-letter{width:1em;height:1em}.elementor-widget-text-editor .elementor-drop-cap{float:left;text-align:center;line-height:1;font-size:50px}.elementor-widget-text-editor .elementor-drop-cap-letter{display:inline-block}<\/style>\t\t\t\t<p><strong>Liitumine klubiga<\/strong><\/p><p>Enne registreerimist palume teil tungivalt tutvuda teile sobiva grupi tunniplaaniga. Samuti p\u00f6\u00f6rake t\u00e4helepanu sellele, kas valitud grupi treeningud toimuvad teie poolt valitud osakonnas.<\/p><p>P\u00e4rast registreerimist v\u00f5tab meie klubi administraator teiega \u00fchendust ja kutsub teie lapse proovitrenni. Kui otsustate liituda Garant klubiga, saadame teile allkirjastamiseks liikmelisuse tingimused.<\/p><p>NB! Registreerimisel ja ankeedi t\u00e4itmisel palume lapse ees- ja perekonnanimi kirjutada ladina t\u00e4htedega (nagu passis).<\/p><p>Alla 3,5-aastaste laste registreerimine toimub lingi kaudu <a href=\"https:\/\/garantbaby.ee\/\">garantbaby.ee<\/a><\/p><p><strong>Liikmesuse l\u00f5petamine<\/strong><\/p><p>Palume t\u00e4hele panna, et kui soovite l\u00f5petada oma liikmelisuse meie klubis, tuleb sellest teatada jooksva kuu 20. kuup\u00e4evaks (n\u00e4iteks, kui soovite l\u00f5petada treeningud alates 1. jaanuarist, tuleb sellest teavitada hiljemalt 20. detsembril). Hilinenud teavitamise korral on lapsevanem kohustatud tasuma liikmemaksu ka j\u00e4rgmise kuu eest.<\/p><p>Liikmelisuse l\u00f5petamise avalduse saab t\u00e4ita lepingu l\u00f5petamise <a href=\"https:\/\/solutionsgroup.ee\/garant\/et\/termination-of-the-contract\/\">lehel.<\/a><\/p>\t\t\t\t\t\t<\/div>\n\t\t\t\t<\/div>\n\t\t\t\t<div class=\"elementor-element elementor-element-3f593fa elementor-widget elementor-widget-image\" data-id=\"3f593fa\" data-element_type=\"widget\" data-settings=\"{&quot;wdt_animation_effect&quot;:&quot;none&quot;}\" data-widget_type=\"image.default\">\n\t\t\t\t<div class=\"elementor-widget-container\">\n\t\t\t<style>\/*! elementor - v3.23.0 - 05-08-2024 *\/\n.elementor-widget-image{text-align:center}.elementor-widget-image a{display:inline-block}.elementor-widget-image a img[src$=\".svg\"]{width:48px}.elementor-widget-image img{vertical-align:middle;display:inline-block}<\/style>\t\t\t\t\t\t\t\t\t\t<img fetchpriority=\"high\" decoding=\"async\" width=\"1024\" height=\"683\" src=\"https:\/\/swim.garant.ee\/wp-content\/uploads\/2024\/08\/REGISTER-1024x683.jpg\" class=\"attachment-large size-large wp-image-2745\" alt=\"\" srcset=\"https:\/\/swim.garant.ee\/wp-content\/uploads\/2024\/08\/REGISTER-1024x683.jpg 1024w, https:\/\/swim.garant.ee\/wp-content\/uploads\/2024\/08\/REGISTER-300x200.jpg 300w, https:\/\/swim.garant.ee\/wp-content\/uploads\/2024\/08\/REGISTER-768x512.jpg 768w, https:\/\/swim.garant.ee\/wp-content\/uploads\/2024\/08\/REGISTER-1536x1024.jpg 1536w, https:\/\/swim.garant.ee\/wp-content\/uploads\/2024\/08\/REGISTER-2048x1365.jpg 2048w\" sizes=\"(max-width: 1024px) 100vw, 1024px\" \/>\t\t\t\t\t\t\t\t\t\t\t\t\t<\/div>\n\t\t\t\t<\/div>\n\t\t\t\t<\/div>\n\t\t\t\t<\/div>\n\t\t","protected":false},"excerpt":{"rendered":"<p>Registreerimine Liitumine klubiga Enne registreerimist palume teil tungivalt tutvuda teile sobiva grupi tunniplaaniga. Samuti p\u00f6\u00f6rake t\u00e4helepanu sellele, kas valitud grupi treeningud toimuvad teie poolt valitud osakonnas. P\u00e4rast registreerimist v\u00f5tab meie [&hellip;]<\/p>\n","protected":false},"author":2,"featured_media":0,"parent":0,"menu_order":0,"comment_status":"closed","ping_status":"closed","template":"custom_contact_form_en.php","meta":{"footnotes":""},"class_list":["post-2561","page","type-page","status-publish","hentry"],"aioseo_notices":[],"_links":{"self":[{"href":"https:\/\/swim.garant.ee\/et\/wp-json\/wp\/v2\/pages\/2561"}],"collection":[{"href":"https:\/\/swim.garant.ee\/et\/wp-json\/wp\/v2\/pages"}],"about":[{"href":"https:\/\/swim.garant.ee\/et\/wp-json\/wp\/v2\/types\/page"}],"author":[{"embeddable":true,"href":"https:\/\/swim.garant.ee\/et\/wp-json\/wp\/v2\/users\/2"}],"replies":[{"embeddable":true,"href":"https:\/\/swim.garant.ee\/et\/wp-json\/wp\/v2\/comments?post=2561"}],"version-history":[{"count":21,"href":"https:\/\/swim.garant.ee\/et\/wp-json\/wp\/v2\/pages\/2561\/revisions"}],"predecessor-version":[{"id":4142,"href":"https:\/\/swim.garant.ee\/et\/wp-json\/wp\/v2\/pages\/2561\/revisions\/4142"}],"wp:attachment":[{"href":"https:\/\/swim.garant.ee\/et\/wp-json\/wp\/v2\/media?parent=2561"}],"curies":[{"name":"wp","href":"https:\/\/api.w.org\/{rel}","templated":true}]}}