{"id":2591,"date":"2024-08-01T16:41:16","date_gmt":"2024-08-01T16:41:16","guid":{"rendered":"https:\/\/swim.garant.ee\/?page_id=2591"},"modified":"2024-08-26T13:19:08","modified_gmt":"2024-08-26T13:19:08","slug":"termination-of-the-contract","status":"publish","type":"page","link":"https:\/\/swim.garant.ee\/et\/termination-of-the-contract\/","title":{"rendered":"Lepingu l\u00f5petamine"},"content":{"rendered":"\t\t<div data-elementor-type=\"wp-page\" data-elementor-id=\"2591\" class=\"elementor elementor-2591 elementor-1050\" data-elementor-post-type=\"page\">\n\t\t\t\t<div class=\"elementor-element elementor-element-0ae0d26 e-flex e-con-boxed e-con e-parent\" data-id=\"0ae0d26\" data-element_type=\"container\" data-settings=\"{&quot;_ha_eqh_enable&quot;:false}\">\n\t\t\t\t\t<div class=\"e-con-inner\">\n\t\t\t\t<div class=\"elementor-element elementor-element-0dfeae3 elementor-widget-tablet__width-inherit elementor-widget elementor-widget-wdt-heading\" data-id=\"0dfeae3\" data-element_type=\"widget\" data-settings=\"{&quot;separator_background_background&quot;:&quot;classic&quot;,&quot;separator_background_color&quot;:&quot;#FFFFFF&quot;,&quot;wdt_animation_effect&quot;:&quot;none&quot;}\" data-widget_type=\"wdt-heading.default\">\n\t\t\t\t<div class=\"elementor-widget-container\">\n\t\t\t<div class=\"wdt-heading-holder \" id=\"wdt-heading-0dfeae3\"><div class=\"wdt-heading-title-wrapper wdt-heading-align- wdt-heading-deco-wrapper\"><span class=\"wdt-heading-title\"><span class=\"wdt-heading-colored-elements\">Lepingu<\/span><span class=\"wdt-heading-colored-elements\">l\u00f5petamine<\/span><\/span><\/div><\/div>\t\t<\/div>\n\t\t\t\t<\/div>\n\t\t\t\t<div class=\"elementor-element elementor-element-3b54727 elementor-widget elementor-widget-text-editor\" data-id=\"3b54727\" data-element_type=\"widget\" data-settings=\"{&quot;wdt_animation_effect&quot;:&quot;none&quot;}\" data-widget_type=\"text-editor.default\">\n\t\t\t\t<div class=\"elementor-widget-container\">\n\t\t\t<style>\/*! elementor - v3.23.0 - 05-08-2024 *\/\n.elementor-widget-text-editor.elementor-drop-cap-view-stacked .elementor-drop-cap{background-color:#69727d;color:#fff}.elementor-widget-text-editor.elementor-drop-cap-view-framed .elementor-drop-cap{color:#69727d;border:3px solid;background-color:transparent}.elementor-widget-text-editor:not(.elementor-drop-cap-view-default) .elementor-drop-cap{margin-top:8px}.elementor-widget-text-editor:not(.elementor-drop-cap-view-default) .elementor-drop-cap-letter{width:1em;height:1em}.elementor-widget-text-editor .elementor-drop-cap{float:left;text-align:center;line-height:1;font-size:50px}.elementor-widget-text-editor .elementor-drop-cap-letter{display:inline-block}<\/style>\t\t\t\t<p>Palume t\u00e4hele panna, et kui soovite l\u00f5petada oma liikmelisuse meie klubis, tuleb sellest teatada jooksva kuu 20. kuup\u00e4evaks (n\u00e4iteks, kui soovite l\u00f5petada treeningud alates 1. jaanuarist, tuleb sellest teavitada hiljemalt 20. detsembril). Hilinenud teavitamise korral on lapsevanem kohustatud tasuma liikmemaksu ka j\u00e4rgmise kuu eest.<\/p>\t\t\t\t\t\t<\/div>\n\t\t\t\t<\/div>\n\t\t\t\t\t<\/div>\n\t\t\t\t<\/div>\n\t\t\t\t<\/div>\n\t\t","protected":false},"excerpt":{"rendered":"<p>Lepingul\u00f5petamine Palume t\u00e4hele panna, et kui soovite l\u00f5petada oma liikmelisuse meie klubis, tuleb sellest teatada jooksva kuu 20. kuup\u00e4evaks (n\u00e4iteks, kui soovite l\u00f5petada treeningud alates 1. jaanuarist, tuleb sellest teavitada [&hellip;]<\/p>\n","protected":false},"author":2,"featured_media":0,"parent":0,"menu_order":0,"comment_status":"closed","ping_status":"closed","template":"custom_revoke_agreement_form_en.php","meta":{"footnotes":""},"class_list":["post-2591","page","type-page","status-publish","hentry"],"aioseo_notices":[],"_links":{"self":[{"href":"https:\/\/swim.garant.ee\/et\/wp-json\/wp\/v2\/pages\/2591"}],"collection":[{"href":"https:\/\/swim.garant.ee\/et\/wp-json\/wp\/v2\/pages"}],"about":[{"href":"https:\/\/swim.garant.ee\/et\/wp-json\/wp\/v2\/types\/page"}],"author":[{"embeddable":true,"href":"https:\/\/swim.garant.ee\/et\/wp-json\/wp\/v2\/users\/2"}],"replies":[{"embeddable":true,"href":"https:\/\/swim.garant.ee\/et\/wp-json\/wp\/v2\/comments?post=2591"}],"version-history":[{"count":10,"href":"https:\/\/swim.garant.ee\/et\/wp-json\/wp\/v2\/pages\/2591\/revisions"}],"predecessor-version":[{"id":4145,"href":"https:\/\/swim.garant.ee\/et\/wp-json\/wp\/v2\/pages\/2591\/revisions\/4145"}],"wp:attachment":[{"href":"https:\/\/swim.garant.ee\/et\/wp-json\/wp\/v2\/media?parent=2591"}],"curies":[{"name":"wp","href":"https:\/\/api.w.org\/{rel}","templated":true}]}}